{"id":18364,"date":"2026-01-13T19:10:57","date_gmt":"2026-01-13T18:10:57","guid":{"rendered":"https:\/\/masteringenieros.com\/tienda\/producto\/barrera-brushless-micomdoor-gate-br-a-4m-derecha-incluido-receptor\/"},"modified":"2026-01-20T15:30:44","modified_gmt":"2026-01-20T14:30:44","slug":"barrera-brushless-micomdoor-gate-br-a-4m-derecha-incluido-receptor","status":"publish","type":"product","link":"https:\/\/masteringenieros.com\/tienda\/producto\/barrera-brushless-micomdoor-gate-br-a-4m-derecha-incluido-receptor\/","title":{"rendered":"Barrera Brushless Micomdoor-Gate BR a 4m derecha. Incluido receptor"},"content":{"rendered":"","protected":false},"excerpt":{"rendered":"<p>La Barrera Brushless Micomdoor-Gate BR de 4 metros, configurada para apertura a la derecha, es una soluci\u00f3n profesional dise\u00f1ada para gestionar accesos vehiculares de manera eficiente, segura y estable. Gracias a su motor brushless de \u00faltima generaci\u00f3n, ofrece un movimiento suave, preciso y silencioso, con una vida \u00fatil muy superior a la de los motores tradicionales.<\/p>\n","protected":false},"featured_media":18381,"comment_status":"open","ping_status":"closed","template":"","meta":[],"product_brand":[],"product_cat":[135,162,155,194,168,161,158,172],"product_tag":[],"class_list":{"0":"post-18364","1":"product","2":"type-product","3":"status-publish","4":"has-post-thumbnail","6":"product_cat-barreras-automaticas","7":"product_cat-comercio","8":"product_cat-micomdoor-gate","9":"product_cat-receptores-2","10":"product_cat-sector","11":"product_cat-sector-hotelero","12":"product_cat-sector-hotelero-y-comercio","13":"product_cat-sector-residencial","15":"first","16":"instock","17":"taxable","18":"shipping-taxable","19":"purchasable","20":"product-type-simple"},"_links":{"self":[{"href":"https:\/\/masteringenieros.com\/tienda\/wp-json\/wp\/v2\/product\/18364","targetHints":{"allow":["GET"]}}],"collection":[{"href":"https:\/\/masteringenieros.com\/tienda\/wp-json\/wp\/v2\/product"}],"about":[{"href":"https:\/\/masteringenieros.com\/tienda\/wp-json\/wp\/v2\/types\/product"}],"replies":[{"embeddable":true,"href":"https:\/\/masteringenieros.com\/tienda\/wp-json\/wp\/v2\/comments?post=18364"}],"wp:featuredmedia":[{"embeddable":true,"href":"https:\/\/masteringenieros.com\/tienda\/wp-json\/wp\/v2\/media\/18381"}],"wp:attachment":[{"href":"https:\/\/masteringenieros.com\/tienda\/wp-json\/wp\/v2\/media?parent=18364"}],"wp:term":[{"taxonomy":"product_brand","embeddable":true,"href":"https:\/\/masteringenieros.com\/tienda\/wp-json\/wp\/v2\/product_brand?post=18364"},{"taxonomy":"product_cat","embeddable":true,"href":"https:\/\/masteringenieros.com\/tienda\/wp-json\/wp\/v2\/product_cat?post=18364"},{"taxonomy":"product_tag","embeddable":true,"href":"https:\/\/masteringenieros.com\/tienda\/wp-json\/wp\/v2\/product_tag?post=18364"}],"curies":[{"name":"wp","href":"https:\/\/api.w.org\/{rel}","templated":true}]}}