{"id":18362,"date":"2026-01-13T19:10:56","date_gmt":"2026-01-13T18:10:56","guid":{"rendered":"https:\/\/masteringenieros.com\/tienda\/producto\/barrera-brushless-micomdoor-gate-br-a-6m-izquierda-incluido-receptor\/"},"modified":"2026-01-20T15:45:20","modified_gmt":"2026-01-20T14:45:20","slug":"barrera-brushless-micomdoor-gate-br-a-6m-izquierda-incluido-receptor","status":"publish","type":"product","link":"https:\/\/masteringenieros.com\/tienda\/producto\/barrera-brushless-micomdoor-gate-br-a-6m-izquierda-incluido-receptor\/","title":{"rendered":"Barrera Brushless Micomdoor-Gate BR a 6m izquierda. Incluido receptor"},"content":{"rendered":"","protected":false},"excerpt":{"rendered":"<p>La Barrera Brushless Micomdoor-Gate BR de 6 metros, en configuraci\u00f3n de apertura a izquierda, es una soluci\u00f3n profesional dise\u00f1ada para el control eficiente y seguro de accesos vehiculares. Su motor brushless de alta eficiencia permite un movimiento fluido, estable, silencioso y con una vida \u00fatil muy superior a los sistemas tradicionales.<\/p>\n","protected":false},"featured_media":18381,"comment_status":"open","ping_status":"closed","template":"","meta":[],"product_brand":[],"product_cat":[135,162,155,194,168,161,158,172],"product_tag":[],"class_list":{"0":"post-18362","1":"product","2":"type-product","3":"status-publish","4":"has-post-thumbnail","6":"product_cat-barreras-automaticas","7":"product_cat-comercio","8":"product_cat-micomdoor-gate","9":"product_cat-receptores-2","10":"product_cat-sector","11":"product_cat-sector-hotelero","12":"product_cat-sector-hotelero-y-comercio","13":"product_cat-sector-residencial","15":"first","16":"instock","17":"taxable","18":"shipping-taxable","19":"purchasable","20":"product-type-simple"},"_links":{"self":[{"href":"https:\/\/masteringenieros.com\/tienda\/wp-json\/wp\/v2\/product\/18362","targetHints":{"allow":["GET"]}}],"collection":[{"href":"https:\/\/masteringenieros.com\/tienda\/wp-json\/wp\/v2\/product"}],"about":[{"href":"https:\/\/masteringenieros.com\/tienda\/wp-json\/wp\/v2\/types\/product"}],"replies":[{"embeddable":true,"href":"https:\/\/masteringenieros.com\/tienda\/wp-json\/wp\/v2\/comments?post=18362"}],"wp:featuredmedia":[{"embeddable":true,"href":"https:\/\/masteringenieros.com\/tienda\/wp-json\/wp\/v2\/media\/18381"}],"wp:attachment":[{"href":"https:\/\/masteringenieros.com\/tienda\/wp-json\/wp\/v2\/media?parent=18362"}],"wp:term":[{"taxonomy":"product_brand","embeddable":true,"href":"https:\/\/masteringenieros.com\/tienda\/wp-json\/wp\/v2\/product_brand?post=18362"},{"taxonomy":"product_cat","embeddable":true,"href":"https:\/\/masteringenieros.com\/tienda\/wp-json\/wp\/v2\/product_cat?post=18362"},{"taxonomy":"product_tag","embeddable":true,"href":"https:\/\/masteringenieros.com\/tienda\/wp-json\/wp\/v2\/product_tag?post=18362"}],"curies":[{"name":"wp","href":"https:\/\/api.w.org\/{rel}","templated":true}]}}