{"id":18356,"date":"2026-01-13T19:10:56","date_gmt":"2026-01-13T18:10:56","guid":{"rendered":"https:\/\/masteringenieros.com\/tienda\/producto\/conjunto-de-herrajes-curvo-para-apertura-interior-sin-puerta-peatonal-instalacion-rapida-y-sencilla-2\/"},"modified":"2026-01-20T15:39:53","modified_gmt":"2026-01-20T14:39:53","slug":"conjunto-de-herrajes-curvo-para-apertura-interior-sin-puerta-peatonal-instalacion-rapida-y-sencilla-2","status":"publish","type":"product","link":"https:\/\/masteringenieros.com\/tienda\/producto\/conjunto-de-herrajes-curvo-para-apertura-interior-sin-puerta-peatonal-instalacion-rapida-y-sencilla-2\/","title":{"rendered":"Conjunto de herrajes curvo, para apertura interior sin puerta peatonal (instalaci\u00f3n r\u00e1pida y sencilla"},"content":{"rendered":"","protected":false},"excerpt":{"rendered":"<p>Conjunto de herrajes curvos dise\u00f1ado para puertas con apertura interior, sin puerta peatonal. Ofrece una instalaci\u00f3n r\u00e1pida y sencilla, asegurando un funcionamiento fluido, seguro y duradero en diferentes tipos de accesos.<\/p>\n","protected":false},"featured_media":0,"comment_status":"open","ping_status":"closed","template":"","meta":[],"product_brand":[],"product_cat":[89,153,91],"product_tag":[],"class_list":{"0":"post-18356","1":"product","2":"type-product","3":"status-publish","5":"product_cat-accesorios","6":"product_cat-otros","7":"product_cat-repuestos","9":"first","10":"instock","11":"taxable","12":"shipping-taxable","13":"purchasable","14":"product-type-simple"},"_links":{"self":[{"href":"https:\/\/masteringenieros.com\/tienda\/wp-json\/wp\/v2\/product\/18356","targetHints":{"allow":["GET"]}}],"collection":[{"href":"https:\/\/masteringenieros.com\/tienda\/wp-json\/wp\/v2\/product"}],"about":[{"href":"https:\/\/masteringenieros.com\/tienda\/wp-json\/wp\/v2\/types\/product"}],"replies":[{"embeddable":true,"href":"https:\/\/masteringenieros.com\/tienda\/wp-json\/wp\/v2\/comments?post=18356"}],"wp:attachment":[{"href":"https:\/\/masteringenieros.com\/tienda\/wp-json\/wp\/v2\/media?parent=18356"}],"wp:term":[{"taxonomy":"product_brand","embeddable":true,"href":"https:\/\/masteringenieros.com\/tienda\/wp-json\/wp\/v2\/product_brand?post=18356"},{"taxonomy":"product_cat","embeddable":true,"href":"https:\/\/masteringenieros.com\/tienda\/wp-json\/wp\/v2\/product_cat?post=18356"},{"taxonomy":"product_tag","embeddable":true,"href":"https:\/\/masteringenieros.com\/tienda\/wp-json\/wp\/v2\/product_tag?post=18356"}],"curies":[{"name":"wp","href":"https:\/\/api.w.org\/{rel}","templated":true}]}}