{"id":18354,"date":"2026-01-13T19:10:56","date_gmt":"2026-01-13T18:10:56","guid":{"rendered":"https:\/\/masteringenieros.com\/tienda\/producto\/conjuntos-de-herrajes-rectos-para-apertura-interior-o-exterior-con-o-sin-puerta-peatonal-2\/"},"modified":"2026-01-20T15:38:17","modified_gmt":"2026-01-20T14:38:17","slug":"conjuntos-de-herrajes-rectos-para-apertura-interior-o-exterior-con-o-sin-puerta-peatonal-2","status":"publish","type":"product","link":"https:\/\/masteringenieros.com\/tienda\/producto\/conjuntos-de-herrajes-rectos-para-apertura-interior-o-exterior-con-o-sin-puerta-peatonal-2\/","title":{"rendered":"Conjuntos de herrajes Rectos, para apertura interior o exterior, con o sin puerta peatonal"},"content":{"rendered":"","protected":false},"excerpt":{"rendered":"<p>Conjunto completo de herrajes rectos dise\u00f1ados para puertas con apertura tanto interior como exterior. Disponibles con opci\u00f3n de incluir o no puerta peatonal, ofrecen funcionalidad, resistencia y facilidad de instalaci\u00f3n para diferentes tipos de accesos.<\/p>\n","protected":false},"featured_media":0,"comment_status":"open","ping_status":"closed","template":"","meta":[],"product_brand":[],"product_cat":[87,89,153,91],"product_tag":[],"class_list":{"0":"post-18354","1":"product","2":"type-product","3":"status-publish","5":"product_cat-sin-categorizar","6":"product_cat-accesorios","7":"product_cat-otros","8":"product_cat-repuestos","10":"first","11":"instock","12":"taxable","13":"shipping-taxable","14":"purchasable","15":"product-type-simple"},"_links":{"self":[{"href":"https:\/\/masteringenieros.com\/tienda\/wp-json\/wp\/v2\/product\/18354","targetHints":{"allow":["GET"]}}],"collection":[{"href":"https:\/\/masteringenieros.com\/tienda\/wp-json\/wp\/v2\/product"}],"about":[{"href":"https:\/\/masteringenieros.com\/tienda\/wp-json\/wp\/v2\/types\/product"}],"replies":[{"embeddable":true,"href":"https:\/\/masteringenieros.com\/tienda\/wp-json\/wp\/v2\/comments?post=18354"}],"wp:attachment":[{"href":"https:\/\/masteringenieros.com\/tienda\/wp-json\/wp\/v2\/media?parent=18354"}],"wp:term":[{"taxonomy":"product_brand","embeddable":true,"href":"https:\/\/masteringenieros.com\/tienda\/wp-json\/wp\/v2\/product_brand?post=18354"},{"taxonomy":"product_cat","embeddable":true,"href":"https:\/\/masteringenieros.com\/tienda\/wp-json\/wp\/v2\/product_cat?post=18354"},{"taxonomy":"product_tag","embeddable":true,"href":"https:\/\/masteringenieros.com\/tienda\/wp-json\/wp\/v2\/product_tag?post=18354"}],"curies":[{"name":"wp","href":"https:\/\/api.w.org\/{rel}","templated":true}]}}