{"id":18352,"date":"2026-01-13T19:10:55","date_gmt":"2026-01-13T18:10:55","guid":{"rendered":"https:\/\/masteringenieros.com\/tienda\/producto\/alec-4c-tira-de-leds-4-m-2\/"},"modified":"2026-01-20T15:53:03","modified_gmt":"2026-01-20T14:53:03","slug":"alec-4c-tira-de-leds-4-m-2","status":"publish","type":"product","link":"https:\/\/masteringenieros.com\/tienda\/producto\/alec-4c-tira-de-leds-4-m-2\/","title":{"rendered":"ALEC\/4C Tira de leds 4 m"},"content":{"rendered":"","protected":false},"excerpt":{"rendered":"<p>Tira de LEDs flexible de 4 metros de longitud, ideal para iluminaci\u00f3n decorativa o funcional en interiores y exteriores. Ofrece alta eficiencia energ\u00e9tica, f\u00e1cil instalaci\u00f3n y una luz uniforme para realzar espacios con bajo consumo.<\/p>\n","protected":false},"featured_media":0,"comment_status":"open","ping_status":"closed","template":"","meta":[],"product_brand":[],"product_cat":[89,162,153,91,92,168,161,158,172],"product_tag":[],"class_list":{"0":"post-18352","1":"product","2":"type-product","3":"status-publish","5":"product_cat-accesorios","6":"product_cat-comercio","7":"product_cat-otros","8":"product_cat-repuestos","9":"product_cat-roger-technology","10":"product_cat-sector","11":"product_cat-sector-hotelero","12":"product_cat-sector-hotelero-y-comercio","13":"product_cat-sector-residencial","15":"first","16":"instock","17":"taxable","18":"shipping-taxable","19":"purchasable","20":"product-type-simple"},"_links":{"self":[{"href":"https:\/\/masteringenieros.com\/tienda\/wp-json\/wp\/v2\/product\/18352","targetHints":{"allow":["GET"]}}],"collection":[{"href":"https:\/\/masteringenieros.com\/tienda\/wp-json\/wp\/v2\/product"}],"about":[{"href":"https:\/\/masteringenieros.com\/tienda\/wp-json\/wp\/v2\/types\/product"}],"replies":[{"embeddable":true,"href":"https:\/\/masteringenieros.com\/tienda\/wp-json\/wp\/v2\/comments?post=18352"}],"wp:attachment":[{"href":"https:\/\/masteringenieros.com\/tienda\/wp-json\/wp\/v2\/media?parent=18352"}],"wp:term":[{"taxonomy":"product_brand","embeddable":true,"href":"https:\/\/masteringenieros.com\/tienda\/wp-json\/wp\/v2\/product_brand?post=18352"},{"taxonomy":"product_cat","embeddable":true,"href":"https:\/\/masteringenieros.com\/tienda\/wp-json\/wp\/v2\/product_cat?post=18352"},{"taxonomy":"product_tag","embeddable":true,"href":"https:\/\/masteringenieros.com\/tienda\/wp-json\/wp\/v2\/product_tag?post=18352"}],"curies":[{"name":"wp","href":"https:\/\/api.w.org\/{rel}","templated":true}]}}