{"id":18351,"date":"2026-01-13T19:10:55","date_gmt":"2026-01-13T18:10:55","guid":{"rendered":"https:\/\/masteringenieros.com\/tienda\/producto\/bafs-02-soporte-mastil-bionik-fijo-telescopico-ajustable-con-goma-2\/"},"modified":"2026-01-20T15:52:43","modified_gmt":"2026-01-20T14:52:43","slug":"bafs-02-soporte-mastil-bionik-fijo-telescopico-ajustable-con-goma-2","status":"publish","type":"product","link":"https:\/\/masteringenieros.com\/tienda\/producto\/bafs-02-soporte-mastil-bionik-fijo-telescopico-ajustable-con-goma-2\/","title":{"rendered":"BAFS\/02 Soporte m\u00e1stil Bionik fijo, telesc\u00f3pico ajustable, con goma"},"content":{"rendered":"","protected":false},"excerpt":{"rendered":"<p>Soporte fijo para m\u00e1stil Bionik con dise\u00f1o telesc\u00f3pico ajustable que permite adaptar la altura seg\u00fan necesidad. Equipado con goma para absorber vibraciones y mejorar la estabilidad, ideal para sistemas de barreras y control de accesos<\/p>\n","protected":false},"featured_media":0,"comment_status":"open","ping_status":"closed","template":"","meta":[],"product_brand":[],"product_cat":[135,162,92,161,158,172],"product_tag":[],"class_list":{"0":"post-18351","1":"product","2":"type-product","3":"status-publish","5":"product_cat-barreras-automaticas","6":"product_cat-comercio","7":"product_cat-roger-technology","8":"product_cat-sector-hotelero","9":"product_cat-sector-hotelero-y-comercio","10":"product_cat-sector-residencial","12":"first","13":"instock","14":"taxable","15":"shipping-taxable","16":"purchasable","17":"product-type-simple"},"_links":{"self":[{"href":"https:\/\/masteringenieros.com\/tienda\/wp-json\/wp\/v2\/product\/18351","targetHints":{"allow":["GET"]}}],"collection":[{"href":"https:\/\/masteringenieros.com\/tienda\/wp-json\/wp\/v2\/product"}],"about":[{"href":"https:\/\/masteringenieros.com\/tienda\/wp-json\/wp\/v2\/types\/product"}],"replies":[{"embeddable":true,"href":"https:\/\/masteringenieros.com\/tienda\/wp-json\/wp\/v2\/comments?post=18351"}],"wp:attachment":[{"href":"https:\/\/masteringenieros.com\/tienda\/wp-json\/wp\/v2\/media?parent=18351"}],"wp:term":[{"taxonomy":"product_brand","embeddable":true,"href":"https:\/\/masteringenieros.com\/tienda\/wp-json\/wp\/v2\/product_brand?post=18351"},{"taxonomy":"product_cat","embeddable":true,"href":"https:\/\/masteringenieros.com\/tienda\/wp-json\/wp\/v2\/product_cat?post=18351"},{"taxonomy":"product_tag","embeddable":true,"href":"https:\/\/masteringenieros.com\/tienda\/wp-json\/wp\/v2\/product_tag?post=18351"}],"curies":[{"name":"wp","href":"https:\/\/api.w.org\/{rel}","templated":true}]}}