{"id":18350,"date":"2026-01-13T19:10:55","date_gmt":"2026-01-13T18:10:55","guid":{"rendered":"https:\/\/masteringenieros.com\/tienda\/producto\/bams-01-apoyo-movil-para-barrera-bionik-2\/"},"modified":"2026-01-20T15:52:29","modified_gmt":"2026-01-20T14:52:29","slug":"bams-01-apoyo-movil-para-barrera-bionik-2","status":"publish","type":"product","link":"https:\/\/masteringenieros.com\/tienda\/producto\/bams-01-apoyo-movil-para-barrera-bionik-2\/","title":{"rendered":"BAMS\/01 Apoyo m\u00f3vil para barrera BIONIK"},"content":{"rendered":"","protected":false},"excerpt":{"rendered":"<p>Apoyo m\u00f3vil dise\u00f1ado para barreras BIONIK que facilita el soporte y la estabilidad de la pluma durante su operaci\u00f3n. Permite un desplazamiento seguro y c\u00f3modo, optimizando la durabilidad y el rendimiento del sistema de barreras.<\/p>\n","protected":false},"featured_media":0,"comment_status":"open","ping_status":"closed","template":"","meta":[],"product_brand":[],"product_cat":[135,162,92,161,158,172],"product_tag":[],"class_list":{"0":"post-18350","1":"product","2":"type-product","3":"status-publish","5":"product_cat-barreras-automaticas","6":"product_cat-comercio","7":"product_cat-roger-technology","8":"product_cat-sector-hotelero","9":"product_cat-sector-hotelero-y-comercio","10":"product_cat-sector-residencial","12":"first","13":"instock","14":"taxable","15":"shipping-taxable","16":"purchasable","17":"product-type-simple"},"_links":{"self":[{"href":"https:\/\/masteringenieros.com\/tienda\/wp-json\/wp\/v2\/product\/18350","targetHints":{"allow":["GET"]}}],"collection":[{"href":"https:\/\/masteringenieros.com\/tienda\/wp-json\/wp\/v2\/product"}],"about":[{"href":"https:\/\/masteringenieros.com\/tienda\/wp-json\/wp\/v2\/types\/product"}],"replies":[{"embeddable":true,"href":"https:\/\/masteringenieros.com\/tienda\/wp-json\/wp\/v2\/comments?post=18350"}],"wp:attachment":[{"href":"https:\/\/masteringenieros.com\/tienda\/wp-json\/wp\/v2\/media?parent=18350"}],"wp:term":[{"taxonomy":"product_brand","embeddable":true,"href":"https:\/\/masteringenieros.com\/tienda\/wp-json\/wp\/v2\/product_brand?post=18350"},{"taxonomy":"product_cat","embeddable":true,"href":"https:\/\/masteringenieros.com\/tienda\/wp-json\/wp\/v2\/product_cat?post=18350"},{"taxonomy":"product_tag","embeddable":true,"href":"https:\/\/masteringenieros.com\/tienda\/wp-json\/wp\/v2\/product_tag?post=18350"}],"curies":[{"name":"wp","href":"https:\/\/api.w.org\/{rel}","templated":true}]}}