{"id":18349,"date":"2026-01-13T19:10:55","date_gmt":"2026-01-13T18:10:55","guid":{"rendered":"https:\/\/masteringenieros.com\/tienda\/producto\/e80-tx52r-2-emisor-2-canales-codigo-fijo-433-mhz-funcion-copia-codigo-fijo-2\/"},"modified":"2026-01-20T15:51:53","modified_gmt":"2026-01-20T14:51:53","slug":"e80-tx52r-2-emisor-2-canales-codigo-fijo-433-mhz-funcion-copia-codigo-fijo-2","status":"publish","type":"product","link":"https:\/\/masteringenieros.com\/tienda\/producto\/e80-tx52r-2-emisor-2-canales-codigo-fijo-433-mhz-funcion-copia-codigo-fijo-2\/","title":{"rendered":"E80\/TX52R\/2 Emisor 2 canales c\u00f3digo fijo, 433 Mhz. Funci\u00f3n copia c\u00f3digo fijo"},"content":{"rendered":"","protected":false},"excerpt":{"rendered":"<p>Mando a distancia de 2 canales que opera a 433 MHz con c\u00f3digo fijo. Incluye funci\u00f3n de copia de c\u00f3digo fijo, permitiendo replicar se\u00f1ales de otros emisores compatibles para facilitar su gesti\u00f3n en sistemas de control remoto.<\/p>\n","protected":false},"featured_media":0,"comment_status":"open","ping_status":"closed","template":"","meta":[],"product_brand":[],"product_cat":[89,148,192,162,151,147,91,92,168,161,158,172,149],"product_tag":[],"class_list":{"0":"post-18349","1":"product","2":"type-product","3":"status-publish","5":"product_cat-accesorios","6":"product_cat-accesorios-de-control","7":"product_cat-accesorios-de-control-2","8":"product_cat-comercio","9":"product_cat-control-de-accesos","10":"product_cat-mandos-a-distancia","11":"product_cat-repuestos","12":"product_cat-roger-technology","13":"product_cat-sector","14":"product_cat-sector-hotelero","15":"product_cat-sector-hotelero-y-comercio","16":"product_cat-sector-residencial","17":"product_cat-seguridad","19":"first","20":"instock","21":"taxable","22":"shipping-taxable","23":"purchasable","24":"product-type-simple"},"_links":{"self":[{"href":"https:\/\/masteringenieros.com\/tienda\/wp-json\/wp\/v2\/product\/18349","targetHints":{"allow":["GET"]}}],"collection":[{"href":"https:\/\/masteringenieros.com\/tienda\/wp-json\/wp\/v2\/product"}],"about":[{"href":"https:\/\/masteringenieros.com\/tienda\/wp-json\/wp\/v2\/types\/product"}],"replies":[{"embeddable":true,"href":"https:\/\/masteringenieros.com\/tienda\/wp-json\/wp\/v2\/comments?post=18349"}],"wp:attachment":[{"href":"https:\/\/masteringenieros.com\/tienda\/wp-json\/wp\/v2\/media?parent=18349"}],"wp:term":[{"taxonomy":"product_brand","embeddable":true,"href":"https:\/\/masteringenieros.com\/tienda\/wp-json\/wp\/v2\/product_brand?post=18349"},{"taxonomy":"product_cat","embeddable":true,"href":"https:\/\/masteringenieros.com\/tienda\/wp-json\/wp\/v2\/product_cat?post=18349"},{"taxonomy":"product_tag","embeddable":true,"href":"https:\/\/masteringenieros.com\/tienda\/wp-json\/wp\/v2\/product_tag?post=18349"}],"curies":[{"name":"wp","href":"https:\/\/api.w.org\/{rel}","templated":true}]}}