{"id":18348,"date":"2026-01-13T19:10:55","date_gmt":"2026-01-13T18:10:55","guid":{"rendered":"https:\/\/masteringenieros.com\/tienda\/producto\/ga557-cremallera-nylon-modulo-4-a-6-enganches-largo-1-metro-2\/"},"modified":"2026-01-20T15:51:27","modified_gmt":"2026-01-20T14:51:27","slug":"ga557-cremallera-nylon-modulo-4-a-6-enganches-largo-1-metro-2","status":"publish","type":"product","link":"https:\/\/masteringenieros.com\/tienda\/producto\/ga557-cremallera-nylon-modulo-4-a-6-enganches-largo-1-metro-2\/","title":{"rendered":"GA557 Cremallera nylon modulo 4 a 6 enganches &#8211; Largo 1 metro"},"content":{"rendered":"","protected":false},"excerpt":{"rendered":"<p>Cremallera de nylon con m\u00f3dulo ajustable entre 4 y 6 enganches, con una longitud de 1 metro. Ideal para aplicaciones de transmisi\u00f3n lineal que requieren ligereza, resistencia y facilidad de instalaci\u00f3n.<\/p>\n","protected":false},"featured_media":0,"comment_status":"open","ping_status":"closed","template":"","meta":[],"product_brand":[],"product_cat":[89,162,153,91,92,168,161,158,172],"product_tag":[],"class_list":{"0":"post-18348","1":"product","2":"type-product","3":"status-publish","5":"product_cat-accesorios","6":"product_cat-comercio","7":"product_cat-otros","8":"product_cat-repuestos","9":"product_cat-roger-technology","10":"product_cat-sector","11":"product_cat-sector-hotelero","12":"product_cat-sector-hotelero-y-comercio","13":"product_cat-sector-residencial","15":"first","16":"instock","17":"taxable","18":"shipping-taxable","19":"purchasable","20":"product-type-simple"},"_links":{"self":[{"href":"https:\/\/masteringenieros.com\/tienda\/wp-json\/wp\/v2\/product\/18348","targetHints":{"allow":["GET"]}}],"collection":[{"href":"https:\/\/masteringenieros.com\/tienda\/wp-json\/wp\/v2\/product"}],"about":[{"href":"https:\/\/masteringenieros.com\/tienda\/wp-json\/wp\/v2\/types\/product"}],"replies":[{"embeddable":true,"href":"https:\/\/masteringenieros.com\/tienda\/wp-json\/wp\/v2\/comments?post=18348"}],"wp:attachment":[{"href":"https:\/\/masteringenieros.com\/tienda\/wp-json\/wp\/v2\/media?parent=18348"}],"wp:term":[{"taxonomy":"product_brand","embeddable":true,"href":"https:\/\/masteringenieros.com\/tienda\/wp-json\/wp\/v2\/product_brand?post=18348"},{"taxonomy":"product_cat","embeddable":true,"href":"https:\/\/masteringenieros.com\/tienda\/wp-json\/wp\/v2\/product_cat?post=18348"},{"taxonomy":"product_tag","embeddable":true,"href":"https:\/\/masteringenieros.com\/tienda\/wp-json\/wp\/v2\/product_tag?post=18348"}],"curies":[{"name":"wp","href":"https:\/\/api.w.org\/{rel}","templated":true}]}}