{"id":18344,"date":"2026-01-13T19:10:55","date_gmt":"2026-01-13T18:10:55","guid":{"rendered":"https:\/\/masteringenieros.com\/tienda\/producto\/e80-tx54r-2-emisor-4-canales-codigo-fijo-433-mhz-con-funcion-copia-codigo-2\/"},"modified":"2026-01-20T15:50:10","modified_gmt":"2026-01-20T14:50:10","slug":"e80-tx54r-2-emisor-4-canales-codigo-fijo-433-mhz-con-funcion-copia-codigo-2","status":"publish","type":"product","link":"https:\/\/masteringenieros.com\/tienda\/producto\/e80-tx54r-2-emisor-4-canales-codigo-fijo-433-mhz-con-funcion-copia-codigo-2\/","title":{"rendered":"E80\/TX54R\/2 Emisor 4 canales c\u00f3digo fijo, 433 Mhz, con funci\u00f3n copia c\u00f3digo"},"content":{"rendered":"","protected":false},"excerpt":{"rendered":"<p>Mando a distancia de 4 canales con c\u00f3digo fijo operando a 433 MHz. Incluye funci\u00f3n de copia de c\u00f3digo para replicar se\u00f1ales de otros emisores compatibles, facilitando la gesti\u00f3n y ampliaci\u00f3n de sistemas de control remoto.<\/p>\n","protected":false},"featured_media":0,"comment_status":"open","ping_status":"closed","template":"","meta":[],"product_brand":[],"product_cat":[89,148,162,151,91,92,161,158,172,149],"product_tag":[],"class_list":{"0":"post-18344","1":"product","2":"type-product","3":"status-publish","5":"product_cat-accesorios","6":"product_cat-accesorios-de-control","7":"product_cat-comercio","8":"product_cat-control-de-accesos","9":"product_cat-repuestos","10":"product_cat-roger-technology","11":"product_cat-sector-hotelero","12":"product_cat-sector-hotelero-y-comercio","13":"product_cat-sector-residencial","14":"product_cat-seguridad","16":"first","17":"instock","18":"taxable","19":"shipping-taxable","20":"purchasable","21":"product-type-simple"},"_links":{"self":[{"href":"https:\/\/masteringenieros.com\/tienda\/wp-json\/wp\/v2\/product\/18344","targetHints":{"allow":["GET"]}}],"collection":[{"href":"https:\/\/masteringenieros.com\/tienda\/wp-json\/wp\/v2\/product"}],"about":[{"href":"https:\/\/masteringenieros.com\/tienda\/wp-json\/wp\/v2\/types\/product"}],"replies":[{"embeddable":true,"href":"https:\/\/masteringenieros.com\/tienda\/wp-json\/wp\/v2\/comments?post=18344"}],"wp:attachment":[{"href":"https:\/\/masteringenieros.com\/tienda\/wp-json\/wp\/v2\/media?parent=18344"}],"wp:term":[{"taxonomy":"product_brand","embeddable":true,"href":"https:\/\/masteringenieros.com\/tienda\/wp-json\/wp\/v2\/product_brand?post=18344"},{"taxonomy":"product_cat","embeddable":true,"href":"https:\/\/masteringenieros.com\/tienda\/wp-json\/wp\/v2\/product_cat?post=18344"},{"taxonomy":"product_tag","embeddable":true,"href":"https:\/\/masteringenieros.com\/tienda\/wp-json\/wp\/v2\/product_tag?post=18344"}],"curies":[{"name":"wp","href":"https:\/\/api.w.org\/{rel}","templated":true}]}}