{"id":18343,"date":"2026-01-13T19:10:55","date_gmt":"2026-01-13T18:10:55","guid":{"rendered":"https:\/\/masteringenieros.com\/tienda\/producto\/metro-de-cremallera-hierro-zinc-20x20x2000mm-2\/"},"modified":"2026-01-20T15:49:41","modified_gmt":"2026-01-20T14:49:41","slug":"metro-de-cremallera-hierro-zinc-20x20x2000mm-2","status":"publish","type":"product","link":"https:\/\/masteringenieros.com\/tienda\/producto\/metro-de-cremallera-hierro-zinc-20x20x2000mm-2\/","title":{"rendered":"Metro de CREMALLERA HIERRO ZINC 20x20x2000mm"},"content":{"rendered":"","protected":false},"excerpt":{"rendered":"<p>Perfil de cremallera fabricado en hierro galvanizado con recubrimiento de zinc, medidas 20&#215;20 mm de secci\u00f3n y 2000 mm de longitud. Ideal para sistemas de transmisi\u00f3n lineal, ofrece resistencia a la corrosi\u00f3n y durabilidad en aplicaciones industriales y mec\u00e1nicas.<\/p>\n","protected":false},"featured_media":0,"comment_status":"open","ping_status":"closed","template":"","meta":[],"product_brand":[],"product_cat":[89,153,91],"product_tag":[],"class_list":{"0":"post-18343","1":"product","2":"type-product","3":"status-publish","5":"product_cat-accesorios","6":"product_cat-otros","7":"product_cat-repuestos","9":"first","10":"instock","11":"taxable","12":"shipping-taxable","13":"purchasable","14":"product-type-simple"},"_links":{"self":[{"href":"https:\/\/masteringenieros.com\/tienda\/wp-json\/wp\/v2\/product\/18343","targetHints":{"allow":["GET"]}}],"collection":[{"href":"https:\/\/masteringenieros.com\/tienda\/wp-json\/wp\/v2\/product"}],"about":[{"href":"https:\/\/masteringenieros.com\/tienda\/wp-json\/wp\/v2\/types\/product"}],"replies":[{"embeddable":true,"href":"https:\/\/masteringenieros.com\/tienda\/wp-json\/wp\/v2\/comments?post=18343"}],"wp:attachment":[{"href":"https:\/\/masteringenieros.com\/tienda\/wp-json\/wp\/v2\/media?parent=18343"}],"wp:term":[{"taxonomy":"product_brand","embeddable":true,"href":"https:\/\/masteringenieros.com\/tienda\/wp-json\/wp\/v2\/product_brand?post=18343"},{"taxonomy":"product_cat","embeddable":true,"href":"https:\/\/masteringenieros.com\/tienda\/wp-json\/wp\/v2\/product_cat?post=18343"},{"taxonomy":"product_tag","embeddable":true,"href":"https:\/\/masteringenieros.com\/tienda\/wp-json\/wp\/v2\/product_tag?post=18343"}],"curies":[{"name":"wp","href":"https:\/\/api.w.org\/{rel}","templated":true}]}}