{"id":18337,"date":"2026-01-13T19:10:52","date_gmt":"2026-01-13T18:10:52","guid":{"rendered":"https:\/\/masteringenieros.com\/tienda\/producto\/m90-f2eso-fotocelulas-orientable-emisor-receptor-sincronizadas-hasta-15m-2\/"},"modified":"2026-01-20T15:59:05","modified_gmt":"2026-01-20T14:59:05","slug":"m90-f2eso-fotocelulas-orientable-emisor-receptor-sincronizadas-hasta-15m-2","status":"publish","type":"product","link":"https:\/\/masteringenieros.com\/tienda\/producto\/m90-f2eso-fotocelulas-orientable-emisor-receptor-sincronizadas-hasta-15m-2\/","title":{"rendered":"M90\/F2ESO Fotoc\u00e9lulas orientable emisor\/receptor\/sincronizadas hasta 15m"},"content":{"rendered":"","protected":false},"excerpt":{"rendered":"<p>Sistema de fotoc\u00e9lulas orientables compuesto por emisor y receptor sincronizados, con alcance de hasta 15 metros. Permite ajuste flexible para una instalaci\u00f3n precisa, garantizando detecci\u00f3n segura y confiable en sistemas de automatizaci\u00f3n y control de accesos.<\/p>\n","protected":false},"featured_media":0,"comment_status":"open","ping_status":"closed","template":"","meta":[],"product_brand":[],"product_cat":[89,148,162,151,147,150,194,91,92,161,158,172,149],"product_tag":[],"class_list":{"0":"post-18337","1":"product","2":"type-product","3":"status-publish","5":"product_cat-accesorios","6":"product_cat-accesorios-de-control","7":"product_cat-comercio","8":"product_cat-control-de-accesos","9":"product_cat-mandos-a-distancia","10":"product_cat-receptores","11":"product_cat-receptores-2","12":"product_cat-repuestos","13":"product_cat-roger-technology","14":"product_cat-sector-hotelero","15":"product_cat-sector-hotelero-y-comercio","16":"product_cat-sector-residencial","17":"product_cat-seguridad","19":"first","20":"instock","21":"taxable","22":"shipping-taxable","23":"purchasable","24":"product-type-simple"},"_links":{"self":[{"href":"https:\/\/masteringenieros.com\/tienda\/wp-json\/wp\/v2\/product\/18337","targetHints":{"allow":["GET"]}}],"collection":[{"href":"https:\/\/masteringenieros.com\/tienda\/wp-json\/wp\/v2\/product"}],"about":[{"href":"https:\/\/masteringenieros.com\/tienda\/wp-json\/wp\/v2\/types\/product"}],"replies":[{"embeddable":true,"href":"https:\/\/masteringenieros.com\/tienda\/wp-json\/wp\/v2\/comments?post=18337"}],"wp:attachment":[{"href":"https:\/\/masteringenieros.com\/tienda\/wp-json\/wp\/v2\/media?parent=18337"}],"wp:term":[{"taxonomy":"product_brand","embeddable":true,"href":"https:\/\/masteringenieros.com\/tienda\/wp-json\/wp\/v2\/product_brand?post=18337"},{"taxonomy":"product_cat","embeddable":true,"href":"https:\/\/masteringenieros.com\/tienda\/wp-json\/wp\/v2\/product_cat?post=18337"},{"taxonomy":"product_tag","embeddable":true,"href":"https:\/\/masteringenieros.com\/tienda\/wp-json\/wp\/v2\/product_tag?post=18337"}],"curies":[{"name":"wp","href":"https:\/\/api.w.org\/{rel}","templated":true}]}}