{"id":18332,"date":"2026-01-13T19:10:52","date_gmt":"2026-01-13T18:10:52","guid":{"rendered":"https:\/\/masteringenieros.com\/tienda\/producto\/r41-831-motorreductor-electromecanico-irreversible-230v-rapido-incluye-cuadro-h70-104ac-2\/"},"modified":"2026-01-20T15:57:17","modified_gmt":"2026-01-20T14:57:17","slug":"r41-831-motorreductor-electromecanico-irreversible-230v-rapido-incluye-cuadro-h70-104ac-2","status":"publish","type":"product","link":"https:\/\/masteringenieros.com\/tienda\/producto\/r41-831-motorreductor-electromecanico-irreversible-230v-rapido-incluye-cuadro-h70-104ac-2\/","title":{"rendered":"R41\/831 Motorreductor electromec\u00e1nico irreversible 230V r\u00e1pido. Incluye cuadro H70\/104AC"},"content":{"rendered":"","protected":false},"excerpt":{"rendered":"<p>Motorreductor electromec\u00e1nico de 230V con funci\u00f3n irreversible que evita movimientos no deseados. Dise\u00f1ado para operaci\u00f3n r\u00e1pida y eficiente, incluye cuadro de control H70\/104AC para una gesti\u00f3n segura y fiable del sistema<\/p>\n","protected":false},"featured_media":0,"comment_status":"open","ping_status":"closed","template":"","meta":[],"product_brand":[],"product_cat":[162,92,161,158,172],"product_tag":[],"class_list":{"0":"post-18332","1":"product","2":"type-product","3":"status-publish","5":"product_cat-comercio","6":"product_cat-roger-technology","7":"product_cat-sector-hotelero","8":"product_cat-sector-hotelero-y-comercio","9":"product_cat-sector-residencial","11":"first","12":"instock","13":"taxable","14":"shipping-taxable","15":"purchasable","16":"product-type-simple"},"_links":{"self":[{"href":"https:\/\/masteringenieros.com\/tienda\/wp-json\/wp\/v2\/product\/18332","targetHints":{"allow":["GET"]}}],"collection":[{"href":"https:\/\/masteringenieros.com\/tienda\/wp-json\/wp\/v2\/product"}],"about":[{"href":"https:\/\/masteringenieros.com\/tienda\/wp-json\/wp\/v2\/types\/product"}],"replies":[{"embeddable":true,"href":"https:\/\/masteringenieros.com\/tienda\/wp-json\/wp\/v2\/comments?post=18332"}],"wp:attachment":[{"href":"https:\/\/masteringenieros.com\/tienda\/wp-json\/wp\/v2\/media?parent=18332"}],"wp:term":[{"taxonomy":"product_brand","embeddable":true,"href":"https:\/\/masteringenieros.com\/tienda\/wp-json\/wp\/v2\/product_brand?post=18332"},{"taxonomy":"product_cat","embeddable":true,"href":"https:\/\/masteringenieros.com\/tienda\/wp-json\/wp\/v2\/product_cat?post=18332"},{"taxonomy":"product_tag","embeddable":true,"href":"https:\/\/masteringenieros.com\/tienda\/wp-json\/wp\/v2\/product_tag?post=18332"}],"curies":[{"name":"wp","href":"https:\/\/api.w.org\/{rel}","templated":true}]}}