{"id":18331,"date":"2026-01-13T19:10:52","date_gmt":"2026-01-13T18:10:52","guid":{"rendered":"https:\/\/masteringenieros.com\/tienda\/producto\/bh23-252-hs-motor-articulado-brushless-digital-hs-alta-velocidad-uso-superintensivo-2\/"},"modified":"2026-01-20T15:56:56","modified_gmt":"2026-01-20T14:56:56","slug":"bh23-252-hs-motor-articulado-brushless-digital-hs-alta-velocidad-uso-superintensivo-2","status":"publish","type":"product","link":"https:\/\/masteringenieros.com\/tienda\/producto\/bh23-252-hs-motor-articulado-brushless-digital-hs-alta-velocidad-uso-superintensivo-2\/","title":{"rendered":"BH23\/252\/HS Motor articulado Brushless Digital HS (Alta velocidad) Uso SUPERINTENSIVO"},"content":{"rendered":"","protected":false},"excerpt":{"rendered":"<p>Motor articulado brushless digital de alta velocidad, dise\u00f1ado para uso superintensivo con operaci\u00f3n continua y alta durabilidad. Ideal para aplicaciones que requieren movimientos r\u00e1pidos, precisos y resistentes en entornos exigentes.<\/p>\n","protected":false},"featured_media":0,"comment_status":"open","ping_status":"closed","template":"","meta":[],"product_brand":[],"product_cat":[162,92,161,158,172],"product_tag":[],"class_list":{"0":"post-18331","1":"product","2":"type-product","3":"status-publish","5":"product_cat-comercio","6":"product_cat-roger-technology","7":"product_cat-sector-hotelero","8":"product_cat-sector-hotelero-y-comercio","9":"product_cat-sector-residencial","11":"first","12":"instock","13":"taxable","14":"shipping-taxable","15":"purchasable","16":"product-type-simple"},"_links":{"self":[{"href":"https:\/\/masteringenieros.com\/tienda\/wp-json\/wp\/v2\/product\/18331","targetHints":{"allow":["GET"]}}],"collection":[{"href":"https:\/\/masteringenieros.com\/tienda\/wp-json\/wp\/v2\/product"}],"about":[{"href":"https:\/\/masteringenieros.com\/tienda\/wp-json\/wp\/v2\/types\/product"}],"replies":[{"embeddable":true,"href":"https:\/\/masteringenieros.com\/tienda\/wp-json\/wp\/v2\/comments?post=18331"}],"wp:attachment":[{"href":"https:\/\/masteringenieros.com\/tienda\/wp-json\/wp\/v2\/media?parent=18331"}],"wp:term":[{"taxonomy":"product_brand","embeddable":true,"href":"https:\/\/masteringenieros.com\/tienda\/wp-json\/wp\/v2\/product_brand?post=18331"},{"taxonomy":"product_cat","embeddable":true,"href":"https:\/\/masteringenieros.com\/tienda\/wp-json\/wp\/v2\/product_cat?post=18331"},{"taxonomy":"product_tag","embeddable":true,"href":"https:\/\/masteringenieros.com\/tienda\/wp-json\/wp\/v2\/product_tag?post=18331"}],"curies":[{"name":"wp","href":"https:\/\/api.w.org\/{rel}","templated":true}]}}