{"id":18323,"date":"2026-01-13T19:10:51","date_gmt":"2026-01-13T18:10:51","guid":{"rendered":"https:\/\/masteringenieros.com\/tienda\/producto\/h70-200ac-box-cuadro-para-1-o-2-motores-230-v-2\/"},"modified":"2026-01-20T16:01:43","modified_gmt":"2026-01-20T15:01:43","slug":"h70-200ac-box-cuadro-para-1-o-2-motores-230-v-2","status":"publish","type":"product","link":"https:\/\/masteringenieros.com\/tienda\/producto\/h70-200ac-box-cuadro-para-1-o-2-motores-230-v-2\/","title":{"rendered":"H70\/200AC\/ BOX Cuadro para 1 o 2 motores 230 V"},"content":{"rendered":"","protected":false},"excerpt":{"rendered":"<p>Cuadro de control dise\u00f1ado para gestionar hasta dos motores el\u00e9ctricos de 230 V. Ideal para instalaciones que requieren control centralizado y seguro, facilitando la operaci\u00f3n y protecci\u00f3n de los motores conectados.<\/p>\n","protected":false},"featured_media":0,"comment_status":"open","ping_status":"closed","template":"","meta":[],"product_brand":[],"product_cat":[162,91,92,161,158,172],"product_tag":[],"class_list":{"0":"post-18323","1":"product","2":"type-product","3":"status-publish","5":"product_cat-comercio","6":"product_cat-repuestos","7":"product_cat-roger-technology","8":"product_cat-sector-hotelero","9":"product_cat-sector-hotelero-y-comercio","10":"product_cat-sector-residencial","12":"first","13":"instock","14":"taxable","15":"shipping-taxable","16":"purchasable","17":"product-type-simple"},"_links":{"self":[{"href":"https:\/\/masteringenieros.com\/tienda\/wp-json\/wp\/v2\/product\/18323","targetHints":{"allow":["GET"]}}],"collection":[{"href":"https:\/\/masteringenieros.com\/tienda\/wp-json\/wp\/v2\/product"}],"about":[{"href":"https:\/\/masteringenieros.com\/tienda\/wp-json\/wp\/v2\/types\/product"}],"replies":[{"embeddable":true,"href":"https:\/\/masteringenieros.com\/tienda\/wp-json\/wp\/v2\/comments?post=18323"}],"wp:attachment":[{"href":"https:\/\/masteringenieros.com\/tienda\/wp-json\/wp\/v2\/media?parent=18323"}],"wp:term":[{"taxonomy":"product_brand","embeddable":true,"href":"https:\/\/masteringenieros.com\/tienda\/wp-json\/wp\/v2\/product_brand?post=18323"},{"taxonomy":"product_cat","embeddable":true,"href":"https:\/\/masteringenieros.com\/tienda\/wp-json\/wp\/v2\/product_cat?post=18323"},{"taxonomy":"product_tag","embeddable":true,"href":"https:\/\/masteringenieros.com\/tienda\/wp-json\/wp\/v2\/product_tag?post=18323"}],"curies":[{"name":"wp","href":"https:\/\/api.w.org\/{rel}","templated":true}]}}