{"id":18321,"date":"2026-01-13T19:10:51","date_gmt":"2026-01-13T18:10:51","guid":{"rendered":"https:\/\/masteringenieros.com\/tienda\/producto\/bg30-2204-motor-brushless-digital-2\/"},"modified":"2026-01-20T16:01:11","modified_gmt":"2026-01-20T15:01:11","slug":"bg30-2204-motor-brushless-digital-2","status":"publish","type":"product","link":"https:\/\/masteringenieros.com\/tienda\/producto\/bg30-2204-motor-brushless-digital-2\/","title":{"rendered":"BG30\/2204 Motor Brushless Digital"},"content":{"rendered":"","protected":false},"excerpt":{"rendered":"<p>Motor brushless digital que ofrece alta eficiencia, bajo mantenimiento y funcionamiento silencioso. Ideal para aplicaciones que requieren precisi\u00f3n y durabilidad, proporcionando un rendimiento \u00f3ptimo y una larga vida \u00fatil.<\/p>\n","protected":false},"featured_media":0,"comment_status":"open","ping_status":"closed","template":"","meta":[],"product_brand":[],"product_cat":[162,92,161,158,172],"product_tag":[],"class_list":{"0":"post-18321","1":"product","2":"type-product","3":"status-publish","5":"product_cat-comercio","6":"product_cat-roger-technology","7":"product_cat-sector-hotelero","8":"product_cat-sector-hotelero-y-comercio","9":"product_cat-sector-residencial","11":"first","12":"instock","13":"taxable","14":"shipping-taxable","15":"purchasable","16":"product-type-simple"},"_links":{"self":[{"href":"https:\/\/masteringenieros.com\/tienda\/wp-json\/wp\/v2\/product\/18321","targetHints":{"allow":["GET"]}}],"collection":[{"href":"https:\/\/masteringenieros.com\/tienda\/wp-json\/wp\/v2\/product"}],"about":[{"href":"https:\/\/masteringenieros.com\/tienda\/wp-json\/wp\/v2\/types\/product"}],"replies":[{"embeddable":true,"href":"https:\/\/masteringenieros.com\/tienda\/wp-json\/wp\/v2\/comments?post=18321"}],"wp:attachment":[{"href":"https:\/\/masteringenieros.com\/tienda\/wp-json\/wp\/v2\/media?parent=18321"}],"wp:term":[{"taxonomy":"product_brand","embeddable":true,"href":"https:\/\/masteringenieros.com\/tienda\/wp-json\/wp\/v2\/product_brand?post=18321"},{"taxonomy":"product_cat","embeddable":true,"href":"https:\/\/masteringenieros.com\/tienda\/wp-json\/wp\/v2\/product_cat?post=18321"},{"taxonomy":"product_tag","embeddable":true,"href":"https:\/\/masteringenieros.com\/tienda\/wp-json\/wp\/v2\/product_tag?post=18321"}],"curies":[{"name":"wp","href":"https:\/\/api.w.org\/{rel}","templated":true}]}}