{"id":18320,"date":"2026-01-13T19:10:51","date_gmt":"2026-01-13T18:10:51","guid":{"rendered":"https:\/\/masteringenieros.com\/tienda\/producto\/g30-2204-motor-convencional-230v-2\/"},"modified":"2026-01-20T16:00:56","modified_gmt":"2026-01-20T15:00:56","slug":"g30-2204-motor-convencional-230v-2","status":"publish","type":"product","link":"https:\/\/masteringenieros.com\/tienda\/producto\/g30-2204-motor-convencional-230v-2\/","title":{"rendered":"G30\/2204 Motor convencional 230V"},"content":{"rendered":"","protected":false},"excerpt":{"rendered":"<p>Motor el\u00e9ctrico convencional de 230V dise\u00f1ado para aplicaciones est\u00e1ndar. Ofrece un rendimiento fiable y duradero, ideal para usos generales donde se requiere un motor eficiente y f\u00e1cil de instalar<\/p>\n","protected":false},"featured_media":0,"comment_status":"open","ping_status":"closed","template":"","meta":[],"product_brand":[],"product_cat":[162,92,161,158,172],"product_tag":[],"class_list":{"0":"post-18320","1":"product","2":"type-product","3":"status-publish","5":"product_cat-comercio","6":"product_cat-roger-technology","7":"product_cat-sector-hotelero","8":"product_cat-sector-hotelero-y-comercio","9":"product_cat-sector-residencial","11":"first","12":"instock","13":"taxable","14":"shipping-taxable","15":"purchasable","16":"product-type-simple"},"_links":{"self":[{"href":"https:\/\/masteringenieros.com\/tienda\/wp-json\/wp\/v2\/product\/18320","targetHints":{"allow":["GET"]}}],"collection":[{"href":"https:\/\/masteringenieros.com\/tienda\/wp-json\/wp\/v2\/product"}],"about":[{"href":"https:\/\/masteringenieros.com\/tienda\/wp-json\/wp\/v2\/types\/product"}],"replies":[{"embeddable":true,"href":"https:\/\/masteringenieros.com\/tienda\/wp-json\/wp\/v2\/comments?post=18320"}],"wp:attachment":[{"href":"https:\/\/masteringenieros.com\/tienda\/wp-json\/wp\/v2\/media?parent=18320"}],"wp:term":[{"taxonomy":"product_brand","embeddable":true,"href":"https:\/\/masteringenieros.com\/tienda\/wp-json\/wp\/v2\/product_brand?post=18320"},{"taxonomy":"product_cat","embeddable":true,"href":"https:\/\/masteringenieros.com\/tienda\/wp-json\/wp\/v2\/product_cat?post=18320"},{"taxonomy":"product_tag","embeddable":true,"href":"https:\/\/masteringenieros.com\/tienda\/wp-json\/wp\/v2\/product_tag?post=18320"}],"curies":[{"name":"wp","href":"https:\/\/api.w.org\/{rel}","templated":true}]}}