{"id":18315,"date":"2026-01-13T19:10:50","date_gmt":"2026-01-13T18:10:50","guid":{"rendered":"https:\/\/masteringenieros.com\/tienda\/producto\/kit-bm30-400-motor-brushless-digital-incluye-receptor-enchufable-dos-emisores-e80-tx52r-2-y-4-m-modulo-4-a-6-enganches-2\/"},"modified":"2026-01-20T16:07:06","modified_gmt":"2026-01-20T15:07:06","slug":"kit-bm30-400-motor-brushless-digital-incluye-receptor-enchufable-dos-emisores-e80-tx52r-2-y-4-m-modulo-4-a-6-enganches-2","status":"publish","type":"product","link":"https:\/\/masteringenieros.com\/tienda\/producto\/kit-bm30-400-motor-brushless-digital-incluye-receptor-enchufable-dos-emisores-e80-tx52r-2-y-4-m-modulo-4-a-6-enganches-2\/","title":{"rendered":"KIT BM30\/400 &#8211; Motor Brushless Digital. Incluye receptor enchufable, dos emisores E80\/TX52R\/2 y 4 m,  m\u00f3dulo 4 a 6 enganches"},"content":{"rendered":"","protected":false},"excerpt":{"rendered":"<p>Kit completo con motor brushless digital para funcionamiento eficiente y silencioso. Incluye receptor enchufable, dos emisores modelo E80\/TX52R\/2, y m\u00f3dulo de 4 a 6 enganches con 4 metros de longitud. Ideal para sistemas automatizados que requieren precisi\u00f3n y facilidad de instalaci\u00f3n.<\/p>\n","protected":false},"featured_media":0,"comment_status":"open","ping_status":"closed","template":"","meta":[],"product_brand":[],"product_cat":[162,92,161,158,172],"product_tag":[],"class_list":{"0":"post-18315","1":"product","2":"type-product","3":"status-publish","5":"product_cat-comercio","6":"product_cat-roger-technology","7":"product_cat-sector-hotelero","8":"product_cat-sector-hotelero-y-comercio","9":"product_cat-sector-residencial","11":"first","12":"instock","13":"taxable","14":"shipping-taxable","15":"purchasable","16":"product-type-simple"},"_links":{"self":[{"href":"https:\/\/masteringenieros.com\/tienda\/wp-json\/wp\/v2\/product\/18315","targetHints":{"allow":["GET"]}}],"collection":[{"href":"https:\/\/masteringenieros.com\/tienda\/wp-json\/wp\/v2\/product"}],"about":[{"href":"https:\/\/masteringenieros.com\/tienda\/wp-json\/wp\/v2\/types\/product"}],"replies":[{"embeddable":true,"href":"https:\/\/masteringenieros.com\/tienda\/wp-json\/wp\/v2\/comments?post=18315"}],"wp:attachment":[{"href":"https:\/\/masteringenieros.com\/tienda\/wp-json\/wp\/v2\/media?parent=18315"}],"wp:term":[{"taxonomy":"product_brand","embeddable":true,"href":"https:\/\/masteringenieros.com\/tienda\/wp-json\/wp\/v2\/product_brand?post=18315"},{"taxonomy":"product_cat","embeddable":true,"href":"https:\/\/masteringenieros.com\/tienda\/wp-json\/wp\/v2\/product_cat?post=18315"},{"taxonomy":"product_tag","embeddable":true,"href":"https:\/\/masteringenieros.com\/tienda\/wp-json\/wp\/v2\/product_tag?post=18315"}],"curies":[{"name":"wp","href":"https:\/\/api.w.org\/{rel}","templated":true}]}}