{"id":18303,"date":"2026-01-13T19:10:48","date_gmt":"2026-01-13T18:10:48","guid":{"rendered":"https:\/\/masteringenieros.com\/tienda\/producto\/correa-dentada-para-mi-50-slim-md-45-2\/"},"modified":"2026-01-20T16:08:40","modified_gmt":"2026-01-20T15:08:40","slug":"correa-dentada-para-mi-50-slim-md-45-2","status":"publish","type":"product","link":"https:\/\/masteringenieros.com\/tienda\/producto\/correa-dentada-para-mi-50-slim-md-45-2\/","title":{"rendered":"Correa dentada para MI-50\/SLIM\/MD-45"},"content":{"rendered":"","protected":false},"excerpt":{"rendered":"<p>La Correa dentada para MI-50\/SLIM\/MD-45 es un componente esencial para el sistema de transmisi\u00f3n de las puertas autom\u00e1ticas MI-50, SLIM y MD-45. Dise\u00f1ada para garantizar un movimiento preciso y sincronizado de las hojas, esta correa ofrece alta resistencia al desgaste y durabilidad, asegurando un funcionamiento suave y eficiente del mecanismo de apertura y cierre<\/p>\n","protected":false},"featured_media":0,"comment_status":"open","ping_status":"closed","template":"","meta":[],"product_brand":[],"product_cat":[187,91,198],"product_tag":[],"class_list":{"0":"post-18303","1":"product","2":"type-product","3":"status-publish","5":"product_cat-mi-50-2","6":"product_cat-repuestos","7":"product_cat-slim-75-2","9":"first","10":"instock","11":"taxable","12":"shipping-taxable","13":"purchasable","14":"product-type-simple"},"_links":{"self":[{"href":"https:\/\/masteringenieros.com\/tienda\/wp-json\/wp\/v2\/product\/18303","targetHints":{"allow":["GET"]}}],"collection":[{"href":"https:\/\/masteringenieros.com\/tienda\/wp-json\/wp\/v2\/product"}],"about":[{"href":"https:\/\/masteringenieros.com\/tienda\/wp-json\/wp\/v2\/types\/product"}],"replies":[{"embeddable":true,"href":"https:\/\/masteringenieros.com\/tienda\/wp-json\/wp\/v2\/comments?post=18303"}],"wp:attachment":[{"href":"https:\/\/masteringenieros.com\/tienda\/wp-json\/wp\/v2\/media?parent=18303"}],"wp:term":[{"taxonomy":"product_brand","embeddable":true,"href":"https:\/\/masteringenieros.com\/tienda\/wp-json\/wp\/v2\/product_brand?post=18303"},{"taxonomy":"product_cat","embeddable":true,"href":"https:\/\/masteringenieros.com\/tienda\/wp-json\/wp\/v2\/product_cat?post=18303"},{"taxonomy":"product_tag","embeddable":true,"href":"https:\/\/masteringenieros.com\/tienda\/wp-json\/wp\/v2\/product_tag?post=18303"}],"curies":[{"name":"wp","href":"https:\/\/api.w.org\/{rel}","templated":true}]}}