{"id":18298,"date":"2026-01-13T19:10:47","date_gmt":"2026-01-13T18:10:47","guid":{"rendered":"https:\/\/masteringenieros.com\/tienda\/producto\/microprocesador-mi-sw-2\/"},"modified":"2026-01-20T16:19:55","modified_gmt":"2026-01-20T15:19:55","slug":"microprocesador-mi-sw-2","status":"publish","type":"product","link":"https:\/\/masteringenieros.com\/tienda\/producto\/microprocesador-mi-sw-2\/","title":{"rendered":"Microprocesador MI-SW"},"content":{"rendered":"","protected":false},"excerpt":{"rendered":"<p>El Microprocesador MI-SW es el sistema de control inteligente dise\u00f1ado para operar puertas autom\u00e1ticas abatibles modelo MI-SW. Gestiona todas las funciones esenciales como apertura, cierre, detecci\u00f3n de obst\u00e1culos y seguridad, garantizando un funcionamiento fluido y seguro.<\/p>\n","protected":false},"featured_media":0,"comment_status":"open","ping_status":"closed","template":"","meta":[],"product_brand":[],"product_cat":[141,189,136,128,129,134,91],"product_tag":[],"class_list":{"0":"post-18298","1":"product","2":"type-product","3":"status-publish","5":"product_cat-mi-swsp-push-pull","6":"product_cat-mi-swsp-push-pull-2","7":"product_cat-operadores-puertas-automaticas","8":"product_cat-puertas-abatibles-automaticas","9":"product_cat-puertas-batientes","10":"product_cat-puertas-de-vaiven","11":"product_cat-repuestos","13":"first","14":"instock","15":"taxable","16":"shipping-taxable","17":"purchasable","18":"product-type-simple"},"_links":{"self":[{"href":"https:\/\/masteringenieros.com\/tienda\/wp-json\/wp\/v2\/product\/18298","targetHints":{"allow":["GET"]}}],"collection":[{"href":"https:\/\/masteringenieros.com\/tienda\/wp-json\/wp\/v2\/product"}],"about":[{"href":"https:\/\/masteringenieros.com\/tienda\/wp-json\/wp\/v2\/types\/product"}],"replies":[{"embeddable":true,"href":"https:\/\/masteringenieros.com\/tienda\/wp-json\/wp\/v2\/comments?post=18298"}],"wp:attachment":[{"href":"https:\/\/masteringenieros.com\/tienda\/wp-json\/wp\/v2\/media?parent=18298"}],"wp:term":[{"taxonomy":"product_brand","embeddable":true,"href":"https:\/\/masteringenieros.com\/tienda\/wp-json\/wp\/v2\/product_brand?post=18298"},{"taxonomy":"product_cat","embeddable":true,"href":"https:\/\/masteringenieros.com\/tienda\/wp-json\/wp\/v2\/product_cat?post=18298"},{"taxonomy":"product_tag","embeddable":true,"href":"https:\/\/masteringenieros.com\/tienda\/wp-json\/wp\/v2\/product_tag?post=18298"}],"curies":[{"name":"wp","href":"https:\/\/api.w.org\/{rel}","templated":true}]}}