{"id":18295,"date":"2026-01-13T19:10:47","date_gmt":"2026-01-13T18:10:47","guid":{"rendered":"https:\/\/masteringenieros.com\/tienda\/producto\/microprocesador-mi-50-2\/"},"modified":"2026-01-20T16:16:03","modified_gmt":"2026-01-20T15:16:03","slug":"microprocesador-mi-50-2","status":"publish","type":"product","link":"https:\/\/masteringenieros.com\/tienda\/producto\/microprocesador-mi-50-2\/","title":{"rendered":"Microprocesador MI-50"},"content":{"rendered":"","protected":false},"excerpt":{"rendered":"<p>El Microprocesador MI-50 es el sistema de control inteligente dise\u00f1ado para gestionar la operaci\u00f3n de puertas autom\u00e1ticas MI-50. Este microprocesador permite controlar funciones como apertura, cierre, seguridad y detecci\u00f3n de obst\u00e1culos, asegurando un funcionamiento eficiente y seguro.<\/p>\n","protected":false},"featured_media":0,"comment_status":"open","ping_status":"closed","template":"","meta":[],"product_brand":[],"product_cat":[187,137,136,118,91],"product_tag":[],"class_list":{"0":"post-18295","1":"product","2":"type-product","3":"status-publish","5":"product_cat-mi-50-2","6":"product_cat-mi-50","7":"product_cat-operadores-puertas-automaticas","8":"product_cat-puertas-correderas-automaticas","9":"product_cat-repuestos","11":"first","12":"instock","13":"taxable","14":"shipping-taxable","15":"purchasable","16":"product-type-simple"},"_links":{"self":[{"href":"https:\/\/masteringenieros.com\/tienda\/wp-json\/wp\/v2\/product\/18295","targetHints":{"allow":["GET"]}}],"collection":[{"href":"https:\/\/masteringenieros.com\/tienda\/wp-json\/wp\/v2\/product"}],"about":[{"href":"https:\/\/masteringenieros.com\/tienda\/wp-json\/wp\/v2\/types\/product"}],"replies":[{"embeddable":true,"href":"https:\/\/masteringenieros.com\/tienda\/wp-json\/wp\/v2\/comments?post=18295"}],"wp:attachment":[{"href":"https:\/\/masteringenieros.com\/tienda\/wp-json\/wp\/v2\/media?parent=18295"}],"wp:term":[{"taxonomy":"product_brand","embeddable":true,"href":"https:\/\/masteringenieros.com\/tienda\/wp-json\/wp\/v2\/product_brand?post=18295"},{"taxonomy":"product_cat","embeddable":true,"href":"https:\/\/masteringenieros.com\/tienda\/wp-json\/wp\/v2\/product_cat?post=18295"},{"taxonomy":"product_tag","embeddable":true,"href":"https:\/\/masteringenieros.com\/tienda\/wp-json\/wp\/v2\/product_tag?post=18295"}],"curies":[{"name":"wp","href":"https:\/\/api.w.org\/{rel}","templated":true}]}}