{"id":18293,"date":"2026-01-13T19:10:47","date_gmt":"2026-01-13T18:10:47","guid":{"rendered":"https:\/\/masteringenieros.com\/tienda\/producto\/repuesto-motor-reductor-mr15-100-mi-qf-ee-para-mi-100-2\/"},"modified":"2026-01-20T16:18:43","modified_gmt":"2026-01-20T15:18:43","slug":"repuesto-motor-reductor-mr15-100-mi-qf-ee-para-mi-100-2","status":"publish","type":"product","link":"https:\/\/masteringenieros.com\/tienda\/producto\/repuesto-motor-reductor-mr15-100-mi-qf-ee-para-mi-100-2\/","title":{"rendered":"Repuesto Motor-Reductor MR15-100\/MI-QF-EE para MI-100"},"content":{"rendered":"","protected":false},"excerpt":{"rendered":"<p>El Repuesto Motor-Reductor MR15-100\/MI-QF-EE para MI-100 es un componente esencial para los operadores de puertas autom\u00e1ticas MI-100, fabricados por M\u00e1ster Ingenieros. Este motor-reductor est\u00e1 dise\u00f1ado para garantizar un funcionamiento eficiente y duradero en puertas de vidrio autom\u00e1ticas, proporcionando la potencia necesaria para el deslizamiento suave y seguro de las hojas.<\/p>\n","protected":false},"featured_media":0,"comment_status":"open","ping_status":"closed","template":"","meta":[],"product_brand":[],"product_cat":[197,138,140,136,91],"product_tag":[],"class_list":{"0":"post-18293","1":"product","2":"type-product","3":"status-publish","5":"product_cat-mi-100-2","6":"product_cat-mi-100","7":"product_cat-mi-qf","8":"product_cat-operadores-puertas-automaticas","9":"product_cat-repuestos","11":"first","12":"instock","13":"taxable","14":"shipping-taxable","15":"purchasable","16":"product-type-simple"},"_links":{"self":[{"href":"https:\/\/masteringenieros.com\/tienda\/wp-json\/wp\/v2\/product\/18293","targetHints":{"allow":["GET"]}}],"collection":[{"href":"https:\/\/masteringenieros.com\/tienda\/wp-json\/wp\/v2\/product"}],"about":[{"href":"https:\/\/masteringenieros.com\/tienda\/wp-json\/wp\/v2\/types\/product"}],"replies":[{"embeddable":true,"href":"https:\/\/masteringenieros.com\/tienda\/wp-json\/wp\/v2\/comments?post=18293"}],"wp:attachment":[{"href":"https:\/\/masteringenieros.com\/tienda\/wp-json\/wp\/v2\/media?parent=18293"}],"wp:term":[{"taxonomy":"product_brand","embeddable":true,"href":"https:\/\/masteringenieros.com\/tienda\/wp-json\/wp\/v2\/product_brand?post=18293"},{"taxonomy":"product_cat","embeddable":true,"href":"https:\/\/masteringenieros.com\/tienda\/wp-json\/wp\/v2\/product_cat?post=18293"},{"taxonomy":"product_tag","embeddable":true,"href":"https:\/\/masteringenieros.com\/tienda\/wp-json\/wp\/v2\/product_tag?post=18293"}],"curies":[{"name":"wp","href":"https:\/\/api.w.org\/{rel}","templated":true}]}}