{"id":18290,"date":"2026-01-13T19:10:47","date_gmt":"2026-01-13T18:10:47","guid":{"rendered":"https:\/\/masteringenieros.com\/tienda\/producto\/patin-inferior-f-full-glass-plinto-2\/"},"modified":"2026-01-20T16:11:28","modified_gmt":"2026-01-20T15:11:28","slug":"patin-inferior-f-full-glass-plinto-2","status":"publish","type":"product","link":"https:\/\/masteringenieros.com\/tienda\/producto\/patin-inferior-f-full-glass-plinto-2\/","title":{"rendered":"Pat\u00edn inferior F (FULL GLASS \/ PLINTO)"},"content":{"rendered":"","protected":false},"excerpt":{"rendered":"<p>El Pat\u00edn inferior F (Full Glass \/ Plinto) es un componente esencial en sistemas de puertas autom\u00e1ticas de cristal, especialmente en configuraciones de vidrio total sin perfiles laterales. Este pat\u00edn act\u00faa como soporte y gu\u00eda en la parte inferior de la hoja de vidrio, permitiendo un deslizamiento suave y estable.<\/p>\n","protected":false},"featured_media":0,"comment_status":"open","ping_status":"closed","template":"","meta":[],"product_brand":[],"product_cat":[144,195,90,184,196,91],"product_tag":[],"class_list":{"0":"post-18290","1":"product","2":"type-product","3":"status-publish","5":"product_cat-full-glass","6":"product_cat-full-glass-2","7":"product_cat-perfileria","8":"product_cat-perfileria-full-glasss","9":"product_cat-plinto-2","10":"product_cat-repuestos","12":"first","13":"instock","14":"taxable","15":"shipping-taxable","16":"purchasable","17":"product-type-simple"},"_links":{"self":[{"href":"https:\/\/masteringenieros.com\/tienda\/wp-json\/wp\/v2\/product\/18290","targetHints":{"allow":["GET"]}}],"collection":[{"href":"https:\/\/masteringenieros.com\/tienda\/wp-json\/wp\/v2\/product"}],"about":[{"href":"https:\/\/masteringenieros.com\/tienda\/wp-json\/wp\/v2\/types\/product"}],"replies":[{"embeddable":true,"href":"https:\/\/masteringenieros.com\/tienda\/wp-json\/wp\/v2\/comments?post=18290"}],"wp:attachment":[{"href":"https:\/\/masteringenieros.com\/tienda\/wp-json\/wp\/v2\/media?parent=18290"}],"wp:term":[{"taxonomy":"product_brand","embeddable":true,"href":"https:\/\/masteringenieros.com\/tienda\/wp-json\/wp\/v2\/product_brand?post=18290"},{"taxonomy":"product_cat","embeddable":true,"href":"https:\/\/masteringenieros.com\/tienda\/wp-json\/wp\/v2\/product_cat?post=18290"},{"taxonomy":"product_tag","embeddable":true,"href":"https:\/\/masteringenieros.com\/tienda\/wp-json\/wp\/v2\/product_tag?post=18290"}],"curies":[{"name":"wp","href":"https:\/\/api.w.org\/{rel}","templated":true}]}}