{"id":18289,"date":"2026-01-13T19:10:46","date_gmt":"2026-01-13T18:10:46","guid":{"rendered":"https:\/\/masteringenieros.com\/tienda\/producto\/pulsador-de-codo-puertas-medicas-mod-ot3-2\/"},"modified":"2026-01-20T16:28:53","modified_gmt":"2026-01-20T15:28:53","slug":"pulsador-de-codo-puertas-medicas-mod-ot3-2","status":"publish","type":"product","link":"https:\/\/masteringenieros.com\/tienda\/producto\/pulsador-de-codo-puertas-medicas-mod-ot3-2\/","title":{"rendered":"Pulsador de codo puertas m\u00e9dicas mod. OT3"},"content":{"rendered":"","protected":false},"excerpt":{"rendered":"<p>El Pulsador de codo OT3 es un dispositivo dise\u00f1ado para la apertura de puertas autom\u00e1ticas mediante el uso del codo, permitiendo un acceso higi\u00e9nico y sin contacto manual. Es especialmente adecuado para entornos m\u00e9dicos y hospitales, donde la higiene es una prioridad.<\/p>\n","protected":false},"featured_media":0,"comment_status":"open","ping_status":"closed","template":"","meta":[],"product_brand":[],"product_cat":[89,192,148,151,182,183,169,186,177,149],"product_tag":[],"class_list":{"0":"post-18289","1":"product","2":"type-product","3":"status-publish","5":"product_cat-accesorios","6":"product_cat-accesorios-de-control-2","7":"product_cat-accesorios-de-control","8":"product_cat-control-de-accesos","9":"product_cat-pulsador","10":"product_cat-pulsador-contactless","11":"product_cat-sanitario","12":"product_cat-sector-sanitario","13":"product_cat-seguridad-2","14":"product_cat-seguridad","16":"first","17":"instock","18":"taxable","19":"shipping-taxable","20":"purchasable","21":"product-type-simple"},"_links":{"self":[{"href":"https:\/\/masteringenieros.com\/tienda\/wp-json\/wp\/v2\/product\/18289","targetHints":{"allow":["GET"]}}],"collection":[{"href":"https:\/\/masteringenieros.com\/tienda\/wp-json\/wp\/v2\/product"}],"about":[{"href":"https:\/\/masteringenieros.com\/tienda\/wp-json\/wp\/v2\/types\/product"}],"replies":[{"embeddable":true,"href":"https:\/\/masteringenieros.com\/tienda\/wp-json\/wp\/v2\/comments?post=18289"}],"wp:attachment":[{"href":"https:\/\/masteringenieros.com\/tienda\/wp-json\/wp\/v2\/media?parent=18289"}],"wp:term":[{"taxonomy":"product_brand","embeddable":true,"href":"https:\/\/masteringenieros.com\/tienda\/wp-json\/wp\/v2\/product_brand?post=18289"},{"taxonomy":"product_cat","embeddable":true,"href":"https:\/\/masteringenieros.com\/tienda\/wp-json\/wp\/v2\/product_cat?post=18289"},{"taxonomy":"product_tag","embeddable":true,"href":"https:\/\/masteringenieros.com\/tienda\/wp-json\/wp\/v2\/product_tag?post=18289"}],"curies":[{"name":"wp","href":"https:\/\/api.w.org\/{rel}","templated":true}]}}