{"id":18283,"date":"2026-01-13T19:10:46","date_gmt":"2026-01-13T18:10:46","guid":{"rendered":"https:\/\/masteringenieros.com\/tienda\/producto\/selector-contact-touch-2\/"},"modified":"2026-01-20T16:25:32","modified_gmt":"2026-01-20T15:25:32","slug":"selector-contact-touch-2","status":"publish","type":"product","link":"https:\/\/masteringenieros.com\/tienda\/producto\/selector-contact-touch-2\/","title":{"rendered":"Selector Contact-Touch"},"content":{"rendered":"","protected":false},"excerpt":{"rendered":"<p>El Selector Contact-Touch es un dispositivo dise\u00f1ado para la configuraci\u00f3n y control de puertas autom\u00e1ticas. Permite seleccionar entre diferentes modos de funcionamiento, como apertura autom\u00e1tica, apertura parcial, solo salida, bloqueo nocturno o puerta siempre abierta. Este selector es especialmente \u00fatil en entornos donde se requiere un control preciso y seguro del acceso, como en hospitales, oficinas o edificios p\u00fablicos.<\/p>\n","protected":false},"featured_media":0,"comment_status":"open","ping_status":"closed","template":"","meta":[],"product_brand":[],"product_cat":[89,148,192,151,177,149,179],"product_tag":[],"class_list":{"0":"post-18283","1":"product","2":"type-product","3":"status-publish","5":"product_cat-accesorios","6":"product_cat-accesorios-de-control","7":"product_cat-accesorios-de-control-2","8":"product_cat-control-de-accesos","9":"product_cat-seguridad-2","10":"product_cat-seguridad","11":"product_cat-selector-contact-touch","13":"first","14":"instock","15":"taxable","16":"shipping-taxable","17":"purchasable","18":"product-type-simple"},"_links":{"self":[{"href":"https:\/\/masteringenieros.com\/tienda\/wp-json\/wp\/v2\/product\/18283","targetHints":{"allow":["GET"]}}],"collection":[{"href":"https:\/\/masteringenieros.com\/tienda\/wp-json\/wp\/v2\/product"}],"about":[{"href":"https:\/\/masteringenieros.com\/tienda\/wp-json\/wp\/v2\/types\/product"}],"replies":[{"embeddable":true,"href":"https:\/\/masteringenieros.com\/tienda\/wp-json\/wp\/v2\/comments?post=18283"}],"wp:attachment":[{"href":"https:\/\/masteringenieros.com\/tienda\/wp-json\/wp\/v2\/media?parent=18283"}],"wp:term":[{"taxonomy":"product_brand","embeddable":true,"href":"https:\/\/masteringenieros.com\/tienda\/wp-json\/wp\/v2\/product_brand?post=18283"},{"taxonomy":"product_cat","embeddable":true,"href":"https:\/\/masteringenieros.com\/tienda\/wp-json\/wp\/v2\/product_cat?post=18283"},{"taxonomy":"product_tag","embeddable":true,"href":"https:\/\/masteringenieros.com\/tienda\/wp-json\/wp\/v2\/product_tag?post=18283"}],"curies":[{"name":"wp","href":"https:\/\/api.w.org\/{rel}","templated":true}]}}