{"id":18281,"date":"2026-01-13T19:10:46","date_gmt":"2026-01-13T18:10:46","guid":{"rendered":"https:\/\/masteringenieros.com\/tienda\/producto\/cerrojo-electromagnetico-mod-mcrs-1-para-slim-2\/"},"modified":"2026-01-20T16:24:23","modified_gmt":"2026-01-20T15:24:23","slug":"cerrojo-electromagnetico-mod-mcrs-1-para-slim-2","status":"publish","type":"product","link":"https:\/\/masteringenieros.com\/tienda\/producto\/cerrojo-electromagnetico-mod-mcrs-1-para-slim-2\/","title":{"rendered":"Cerrojo electromagn\u00e9tico mod. MCRS-1 para SLIM"},"content":{"rendered":"","protected":false},"excerpt":{"rendered":"<p>El Cerrojo electromagn\u00e9tico MCRS-1 es un dispositivo de seguridad dise\u00f1ado para puertas autom\u00e1ticas correderas, especialmente compatible con el sistema SLIM. Este cerrojo utiliza un solenoide para su funcionamiento, permitiendo el bloqueo y desbloqueo de la puerta sin necesidad de corriente el\u00e9ctrica continua.<\/p>\n","protected":false},"featured_media":0,"comment_status":"open","ping_status":"closed","template":"","meta":[],"product_brand":[],"product_cat":[89,148,192,178,151,177,149,198],"product_tag":[],"class_list":{"0":"post-18281","1":"product","2":"type-product","3":"status-publish","5":"product_cat-accesorios","6":"product_cat-accesorios-de-control","7":"product_cat-accesorios-de-control-2","8":"product_cat-cerrojo-electromagnetico","9":"product_cat-control-de-accesos","10":"product_cat-seguridad-2","11":"product_cat-seguridad","12":"product_cat-slim-75-2","14":"first","15":"instock","16":"taxable","17":"shipping-taxable","18":"purchasable","19":"product-type-simple"},"_links":{"self":[{"href":"https:\/\/masteringenieros.com\/tienda\/wp-json\/wp\/v2\/product\/18281","targetHints":{"allow":["GET"]}}],"collection":[{"href":"https:\/\/masteringenieros.com\/tienda\/wp-json\/wp\/v2\/product"}],"about":[{"href":"https:\/\/masteringenieros.com\/tienda\/wp-json\/wp\/v2\/types\/product"}],"replies":[{"embeddable":true,"href":"https:\/\/masteringenieros.com\/tienda\/wp-json\/wp\/v2\/comments?post=18281"}],"wp:attachment":[{"href":"https:\/\/masteringenieros.com\/tienda\/wp-json\/wp\/v2\/media?parent=18281"}],"wp:term":[{"taxonomy":"product_brand","embeddable":true,"href":"https:\/\/masteringenieros.com\/tienda\/wp-json\/wp\/v2\/product_brand?post=18281"},{"taxonomy":"product_cat","embeddable":true,"href":"https:\/\/masteringenieros.com\/tienda\/wp-json\/wp\/v2\/product_cat?post=18281"},{"taxonomy":"product_tag","embeddable":true,"href":"https:\/\/masteringenieros.com\/tienda\/wp-json\/wp\/v2\/product_tag?post=18281"}],"curies":[{"name":"wp","href":"https:\/\/api.w.org\/{rel}","templated":true}]}}