{"id":18275,"date":"2026-01-13T19:10:44","date_gmt":"2026-01-13T18:10:44","guid":{"rendered":"https:\/\/masteringenieros.com\/tienda\/producto\/radar-flex-t-lite\/"},"modified":"2026-01-20T16:30:42","modified_gmt":"2026-01-20T15:30:42","slug":"radar-flex-t-lite","status":"publish","type":"product","link":"https:\/\/masteringenieros.com\/tienda\/producto\/radar-flex-t-lite\/","title":{"rendered":"Radar Flex-T-Lite"},"content":{"rendered":"","protected":false},"excerpt":{"rendered":"<p>Sensor por infrarrojos activos dise\u00f1ado para la activaci\u00f3n y seguridad de puertas autom\u00e1ticas<\/p>\n","protected":false},"featured_media":18382,"comment_status":"open","ping_status":"closed","template":"","meta":[],"product_brand":[],"product_cat":[89,192,148,151,149,177,176,174,173,152,193],"product_tag":[],"class_list":{"0":"post-18275","1":"product","2":"type-product","3":"status-publish","4":"has-post-thumbnail","6":"product_cat-accesorios","7":"product_cat-accesorios-de-control-2","8":"product_cat-accesorios-de-control","9":"product_cat-control-de-accesos","10":"product_cat-seguridad","11":"product_cat-seguridad-2","12":"product_cat-sensor-de-movimiento","13":"product_cat-sensor-hibrido-de-movimiento-y-presencia","14":"product_cat-sensor-para-puertas-automaticas","15":"product_cat-sensores-para-puertas-automaticas","16":"product_cat-sensores-para-puertas-automaticas-2","18":"first","19":"instock","20":"taxable","21":"shipping-taxable","22":"purchasable","23":"product-type-simple"},"_links":{"self":[{"href":"https:\/\/masteringenieros.com\/tienda\/wp-json\/wp\/v2\/product\/18275","targetHints":{"allow":["GET"]}}],"collection":[{"href":"https:\/\/masteringenieros.com\/tienda\/wp-json\/wp\/v2\/product"}],"about":[{"href":"https:\/\/masteringenieros.com\/tienda\/wp-json\/wp\/v2\/types\/product"}],"replies":[{"embeddable":true,"href":"https:\/\/masteringenieros.com\/tienda\/wp-json\/wp\/v2\/comments?post=18275"}],"wp:featuredmedia":[{"embeddable":true,"href":"https:\/\/masteringenieros.com\/tienda\/wp-json\/wp\/v2\/media\/18382"}],"wp:attachment":[{"href":"https:\/\/masteringenieros.com\/tienda\/wp-json\/wp\/v2\/media?parent=18275"}],"wp:term":[{"taxonomy":"product_brand","embeddable":true,"href":"https:\/\/masteringenieros.com\/tienda\/wp-json\/wp\/v2\/product_brand?post=18275"},{"taxonomy":"product_cat","embeddable":true,"href":"https:\/\/masteringenieros.com\/tienda\/wp-json\/wp\/v2\/product_cat?post=18275"},{"taxonomy":"product_tag","embeddable":true,"href":"https:\/\/masteringenieros.com\/tienda\/wp-json\/wp\/v2\/product_tag?post=18275"}],"curies":[{"name":"wp","href":"https:\/\/api.w.org\/{rel}","templated":true}]}}