{"id":18273,"date":"2026-01-13T19:10:43","date_gmt":"2026-01-13T18:10:43","guid":{"rendered":"https:\/\/masteringenieros.com\/tienda\/producto\/radar-mod-oa-axis-t-monitoring-2\/"},"modified":"2026-01-20T16:42:54","modified_gmt":"2026-01-20T15:42:54","slug":"radar-mod-oa-axis-t-monitoring-2","status":"publish","type":"product","link":"https:\/\/masteringenieros.com\/tienda\/producto\/radar-mod-oa-axis-t-monitoring-2\/","title":{"rendered":"Radar mod.OA-AXIS T monitoring"},"content":{"rendered":"","protected":false},"excerpt":{"rendered":"<p>El radar OA\u2011AXIS\u202fT es un sensor combinado de activaci\u00f3n y seguridad para puertas deslizantes autom\u00e1ticas, que utiliza tecnolog\u00eda de infrarrojos activos.<\/p>\n","protected":false},"featured_media":0,"comment_status":"open","ping_status":"closed","template":"","meta":[],"product_brand":[],"product_cat":[89,192,148,151,177,149,176,175,174,173,152,193],"product_tag":[],"class_list":{"0":"post-18273","1":"product","2":"type-product","3":"status-publish","5":"product_cat-accesorios","6":"product_cat-accesorios-de-control-2","7":"product_cat-accesorios-de-control","8":"product_cat-control-de-accesos","9":"product_cat-seguridad-2","10":"product_cat-seguridad","11":"product_cat-sensor-de-movimiento","12":"product_cat-sensor-de-seguridad-lateral","13":"product_cat-sensor-hibrido-de-movimiento-y-presencia","14":"product_cat-sensor-para-puertas-automaticas","15":"product_cat-sensores-para-puertas-automaticas","16":"product_cat-sensores-para-puertas-automaticas-2","18":"first","19":"instock","20":"taxable","21":"shipping-taxable","22":"purchasable","23":"product-type-simple"},"_links":{"self":[{"href":"https:\/\/masteringenieros.com\/tienda\/wp-json\/wp\/v2\/product\/18273","targetHints":{"allow":["GET"]}}],"collection":[{"href":"https:\/\/masteringenieros.com\/tienda\/wp-json\/wp\/v2\/product"}],"about":[{"href":"https:\/\/masteringenieros.com\/tienda\/wp-json\/wp\/v2\/types\/product"}],"replies":[{"embeddable":true,"href":"https:\/\/masteringenieros.com\/tienda\/wp-json\/wp\/v2\/comments?post=18273"}],"wp:attachment":[{"href":"https:\/\/masteringenieros.com\/tienda\/wp-json\/wp\/v2\/media?parent=18273"}],"wp:term":[{"taxonomy":"product_brand","embeddable":true,"href":"https:\/\/masteringenieros.com\/tienda\/wp-json\/wp\/v2\/product_brand?post=18273"},{"taxonomy":"product_cat","embeddable":true,"href":"https:\/\/masteringenieros.com\/tienda\/wp-json\/wp\/v2\/product_cat?post=18273"},{"taxonomy":"product_tag","embeddable":true,"href":"https:\/\/masteringenieros.com\/tienda\/wp-json\/wp\/v2\/product_tag?post=18273"}],"curies":[{"name":"wp","href":"https:\/\/api.w.org\/{rel}","templated":true}]}}