{"id":18270,"date":"2026-01-13T19:10:43","date_gmt":"2026-01-13T18:10:43","guid":{"rendered":"https:\/\/masteringenieros.com\/tienda\/producto\/radar-mod-ixio-dt3-deteccion-unidireccional-con-doble-tecnologia-2\/"},"modified":"2026-01-20T16:41:24","modified_gmt":"2026-01-20T15:41:24","slug":"radar-mod-ixio-dt3-deteccion-unidireccional-con-doble-tecnologia-2","status":"publish","type":"product","link":"https:\/\/masteringenieros.com\/tienda\/producto\/radar-mod-ixio-dt3-deteccion-unidireccional-con-doble-tecnologia-2\/","title":{"rendered":"Radar mod. IXIO-DT3, detecci\u00f3n \u00a0unidireccional con doble tecnolog\u00eda"},"content":{"rendered":"","protected":false},"excerpt":{"rendered":"<p>El radar modelo IXIO-DT3 es un sensor de detecci\u00f3n unidireccional con doble tecnolog\u00eda (microondas e infrarrojos activos), dise\u00f1ado para el control eficiente y seguro de puertas autom\u00e1ticas. Ofrece una detecci\u00f3n precisa del movimiento y presencia desde una sola direcci\u00f3n, minimizando aperturas innecesarias y mejorando la seguridad del usuario<\/p>\n","protected":false},"featured_media":0,"comment_status":"open","ping_status":"closed","template":"","meta":[],"product_brand":[],"product_cat":[89,192,148,151,149,177,176,174,173,152,193],"product_tag":[],"class_list":{"0":"post-18270","1":"product","2":"type-product","3":"status-publish","5":"product_cat-accesorios","6":"product_cat-accesorios-de-control-2","7":"product_cat-accesorios-de-control","8":"product_cat-control-de-accesos","9":"product_cat-seguridad","10":"product_cat-seguridad-2","11":"product_cat-sensor-de-movimiento","12":"product_cat-sensor-hibrido-de-movimiento-y-presencia","13":"product_cat-sensor-para-puertas-automaticas","14":"product_cat-sensores-para-puertas-automaticas","15":"product_cat-sensores-para-puertas-automaticas-2","17":"first","18":"instock","19":"taxable","20":"shipping-taxable","21":"purchasable","22":"product-type-simple"},"_links":{"self":[{"href":"https:\/\/masteringenieros.com\/tienda\/wp-json\/wp\/v2\/product\/18270","targetHints":{"allow":["GET"]}}],"collection":[{"href":"https:\/\/masteringenieros.com\/tienda\/wp-json\/wp\/v2\/product"}],"about":[{"href":"https:\/\/masteringenieros.com\/tienda\/wp-json\/wp\/v2\/types\/product"}],"replies":[{"embeddable":true,"href":"https:\/\/masteringenieros.com\/tienda\/wp-json\/wp\/v2\/comments?post=18270"}],"wp:attachment":[{"href":"https:\/\/masteringenieros.com\/tienda\/wp-json\/wp\/v2\/media?parent=18270"}],"wp:term":[{"taxonomy":"product_brand","embeddable":true,"href":"https:\/\/masteringenieros.com\/tienda\/wp-json\/wp\/v2\/product_brand?post=18270"},{"taxonomy":"product_cat","embeddable":true,"href":"https:\/\/masteringenieros.com\/tienda\/wp-json\/wp\/v2\/product_cat?post=18270"},{"taxonomy":"product_tag","embeddable":true,"href":"https:\/\/masteringenieros.com\/tienda\/wp-json\/wp\/v2\/product_tag?post=18270"}],"curies":[{"name":"wp","href":"https:\/\/api.w.org\/{rel}","templated":true}]}}