{"id":18266,"date":"2026-01-13T19:10:43","date_gmt":"2026-01-13T18:10:43","guid":{"rendered":"https:\/\/masteringenieros.com\/tienda\/producto\/operador-micomdoor-magnetico-magnis-de-2-hojas-moviles-a-medida-2\/"},"modified":"2026-01-20T16:39:33","modified_gmt":"2026-01-20T15:39:33","slug":"operador-micomdoor-magnetico-magnis-de-2-hojas-moviles-a-medida-2","status":"publish","type":"product","link":"https:\/\/masteringenieros.com\/tienda\/producto\/operador-micomdoor-magnetico-magnis-de-2-hojas-moviles-a-medida-2\/","title":{"rendered":"Operador MICOMDOOR MAGN\u00c9TICO magnis, de 2 hojas m\u00f3viles a medida"},"content":{"rendered":"","protected":false},"excerpt":{"rendered":"<p>Dise\u00f1ado espec\u00edficamente para controlar de manera fluida y silenciosa sus dos hojas m\u00f3viles a trav\u00e9s de un mecanismo magn\u00e9tico, las cuales est\u00e1n personalizadas seg\u00fan las dimensiones requeridas por la instalaci\u00f3n.<\/p>\n","protected":false},"featured_media":0,"comment_status":"open","ping_status":"closed","template":"","meta":[],"product_brand":[],"product_cat":[162,88,125,190,191,142,171,136,170,118,161,158,172,186],"product_tag":[],"class_list":{"0":"post-18266","1":"product","2":"type-product","3":"status-publish","5":"product_cat-comercio","6":"product_cat-kit-y-operadores","7":"product_cat-magneticas","8":"product_cat-magneticas-2","9":"product_cat-magnis-2","10":"product_cat-magnis","11":"product_cat-operador-magnis","12":"product_cat-operadores-puertas-automaticas","13":"product_cat-puerta-corredera-magnetica","14":"product_cat-puertas-correderas-automaticas","15":"product_cat-sector-hotelero","16":"product_cat-sector-hotelero-y-comercio","17":"product_cat-sector-residencial","18":"product_cat-sector-sanitario","20":"first","21":"instock","22":"taxable","23":"shipping-taxable","24":"purchasable","25":"product-type-simple"},"_links":{"self":[{"href":"https:\/\/masteringenieros.com\/tienda\/wp-json\/wp\/v2\/product\/18266","targetHints":{"allow":["GET"]}}],"collection":[{"href":"https:\/\/masteringenieros.com\/tienda\/wp-json\/wp\/v2\/product"}],"about":[{"href":"https:\/\/masteringenieros.com\/tienda\/wp-json\/wp\/v2\/types\/product"}],"replies":[{"embeddable":true,"href":"https:\/\/masteringenieros.com\/tienda\/wp-json\/wp\/v2\/comments?post=18266"}],"wp:attachment":[{"href":"https:\/\/masteringenieros.com\/tienda\/wp-json\/wp\/v2\/media?parent=18266"}],"wp:term":[{"taxonomy":"product_brand","embeddable":true,"href":"https:\/\/masteringenieros.com\/tienda\/wp-json\/wp\/v2\/product_brand?post=18266"},{"taxonomy":"product_cat","embeddable":true,"href":"https:\/\/masteringenieros.com\/tienda\/wp-json\/wp\/v2\/product_cat?post=18266"},{"taxonomy":"product_tag","embeddable":true,"href":"https:\/\/masteringenieros.com\/tienda\/wp-json\/wp\/v2\/product_tag?post=18266"}],"curies":[{"name":"wp","href":"https:\/\/api.w.org\/{rel}","templated":true}]}}