{"id":18263,"date":"2026-01-13T19:10:42","date_gmt":"2026-01-13T18:10:42","guid":{"rendered":"https:\/\/masteringenieros.com\/tienda\/producto\/operador-micomdoor-magnetico-magnis-para-1-hoja-movil-de-hasta-800-mm-2\/"},"modified":"2026-01-20T16:49:02","modified_gmt":"2026-01-20T15:49:02","slug":"operador-micomdoor-magnetico-magnis-para-1-hoja-movil-de-hasta-800-mm-2","status":"publish","type":"product","link":"https:\/\/masteringenieros.com\/tienda\/producto\/operador-micomdoor-magnetico-magnis-para-1-hoja-movil-de-hasta-800-mm-2\/","title":{"rendered":"Operador MICOMDOOR MAGN\u00c9TICO magnis, para 1 hoja m\u00f3vil de hasta 800 mm"},"content":{"rendered":"","protected":false},"excerpt":{"rendered":"<p>Especialmente dise\u00f1ado para gestionar la apertura y cierre de una hoja m\u00f3vil con un ancho m\u00e1ximo de 800 mm. Su mecanismo magn\u00e9tico garantiza un funcionamiento suave, silencioso y muy fiable, ideal para entornos que demandan discreci\u00f3n y precisi\u00f3n.<\/p>\n","protected":false},"featured_media":0,"comment_status":"open","ping_status":"closed","template":"","meta":[],"product_brand":[],"product_cat":[162,88,190,125,142,191,171,136,159,170,118,161,158,172,186],"product_tag":[],"class_list":{"0":"post-18263","1":"product","2":"type-product","3":"status-publish","5":"product_cat-comercio","6":"product_cat-kit-y-operadores","7":"product_cat-magneticas-2","8":"product_cat-magneticas","9":"product_cat-magnis","10":"product_cat-magnis-2","11":"product_cat-operador-magnis","12":"product_cat-operadores-puertas-automaticas","13":"product_cat-puerta-corredera","14":"product_cat-puerta-corredera-magnetica","15":"product_cat-puertas-correderas-automaticas","16":"product_cat-sector-hotelero","17":"product_cat-sector-hotelero-y-comercio","18":"product_cat-sector-residencial","19":"product_cat-sector-sanitario","21":"first","22":"instock","23":"taxable","24":"shipping-taxable","25":"purchasable","26":"product-type-simple"},"_links":{"self":[{"href":"https:\/\/masteringenieros.com\/tienda\/wp-json\/wp\/v2\/product\/18263","targetHints":{"allow":["GET"]}}],"collection":[{"href":"https:\/\/masteringenieros.com\/tienda\/wp-json\/wp\/v2\/product"}],"about":[{"href":"https:\/\/masteringenieros.com\/tienda\/wp-json\/wp\/v2\/types\/product"}],"replies":[{"embeddable":true,"href":"https:\/\/masteringenieros.com\/tienda\/wp-json\/wp\/v2\/comments?post=18263"}],"wp:attachment":[{"href":"https:\/\/masteringenieros.com\/tienda\/wp-json\/wp\/v2\/media?parent=18263"}],"wp:term":[{"taxonomy":"product_brand","embeddable":true,"href":"https:\/\/masteringenieros.com\/tienda\/wp-json\/wp\/v2\/product_brand?post=18263"},{"taxonomy":"product_cat","embeddable":true,"href":"https:\/\/masteringenieros.com\/tienda\/wp-json\/wp\/v2\/product_cat?post=18263"},{"taxonomy":"product_tag","embeddable":true,"href":"https:\/\/masteringenieros.com\/tienda\/wp-json\/wp\/v2\/product_tag?post=18263"}],"curies":[{"name":"wp","href":"https:\/\/api.w.org\/{rel}","templated":true}]}}