{"id":18251,"date":"2026-01-13T19:10:41","date_gmt":"2026-01-13T18:10:41","guid":{"rendered":"https:\/\/masteringenieros.com\/tienda\/producto\/kit-especial-operador-salida-de-emergencia-s-a-2500mm-en-negro-2\/"},"modified":"2026-01-20T16:55:15","modified_gmt":"2026-01-20T15:55:15","slug":"kit-especial-operador-salida-de-emergencia-s-a-2500mm-en-negro-2","status":"publish","type":"product","link":"https:\/\/masteringenieros.com\/tienda\/producto\/kit-especial-operador-salida-de-emergencia-s-a-2500mm-en-negro-2\/","title":{"rendered":"KIT Especial Operador Salida de Emergencia-S a 2500mm en negro"},"content":{"rendered":"","protected":false},"excerpt":{"rendered":"<p>Conjunto dise\u00f1ado para sistemas de salida de emergencia, incluye un operador tipo \u201cS\u201d especialmente adaptado para puertas de hasta 2500 mm de altura. Acabado en color negro, combina funcionalidad, seguridad y est\u00e9tica. Ideal para instalaciones que requieren cumplir normativas de evacuaci\u00f3n sin sacrificar el dise\u00f1o. Incluye 2 radares y un selector.<\/p>\n","protected":false},"featured_media":0,"comment_status":"open","ping_status":"closed","template":"","meta":[],"product_brand":[],"product_cat":[162,165,185,88,136,159,156,118,169,168,161,158,186,177,127,139],"product_tag":[],"class_list":{"0":"post-18251","1":"product","2":"type-product","3":"status-publish","5":"product_cat-comercio","6":"product_cat-de-emergencia","7":"product_cat-de-emergencia-y-antipanico-2","8":"product_cat-kit-y-operadores","9":"product_cat-operadores-puertas-automaticas","10":"product_cat-puerta-corredera","11":"product_cat-puerta-corredera-de-emergencia","12":"product_cat-puertas-correderas-automaticas","13":"product_cat-sanitario","14":"product_cat-sector","15":"product_cat-sector-hotelero","16":"product_cat-sector-hotelero-y-comercio","17":"product_cat-sector-sanitario","18":"product_cat-seguridad-2","19":"product_cat-sistema-de-esclusa","20":"product_cat-slim-75","22":"first","23":"instock","24":"taxable","25":"shipping-taxable","26":"purchasable","27":"product-type-simple"},"_links":{"self":[{"href":"https:\/\/masteringenieros.com\/tienda\/wp-json\/wp\/v2\/product\/18251","targetHints":{"allow":["GET"]}}],"collection":[{"href":"https:\/\/masteringenieros.com\/tienda\/wp-json\/wp\/v2\/product"}],"about":[{"href":"https:\/\/masteringenieros.com\/tienda\/wp-json\/wp\/v2\/types\/product"}],"replies":[{"embeddable":true,"href":"https:\/\/masteringenieros.com\/tienda\/wp-json\/wp\/v2\/comments?post=18251"}],"wp:attachment":[{"href":"https:\/\/masteringenieros.com\/tienda\/wp-json\/wp\/v2\/media?parent=18251"}],"wp:term":[{"taxonomy":"product_brand","embeddable":true,"href":"https:\/\/masteringenieros.com\/tienda\/wp-json\/wp\/v2\/product_brand?post=18251"},{"taxonomy":"product_cat","embeddable":true,"href":"https:\/\/masteringenieros.com\/tienda\/wp-json\/wp\/v2\/product_cat?post=18251"},{"taxonomy":"product_tag","embeddable":true,"href":"https:\/\/masteringenieros.com\/tienda\/wp-json\/wp\/v2\/product_tag?post=18251"}],"curies":[{"name":"wp","href":"https:\/\/api.w.org\/{rel}","templated":true}]}}