{"id":16347,"date":"2025-05-23T23:38:50","date_gmt":"2025-05-23T21:38:50","guid":{"rendered":"https:\/\/masteringenieros.com\/tienda\/?page_id=16347"},"modified":"2025-08-24T17:58:27","modified_gmt":"2025-08-24T15:58:27","slug":"politica-de-cookies","status":"publish","type":"page","link":"https:\/\/masteringenieros.com\/tienda\/politica-de-cookies\/","title":{"rendered":"Pol\u00edtica de cookies"},"content":{"rendered":"\t\t<div data-elementor-type=\"wp-page\" data-elementor-id=\"16347\" class=\"elementor elementor-16347\" data-elementor-post-type=\"page\">\n\t\t\t\t<div class=\"elementor-element elementor-element-da883ec e-flex e-con-boxed e-con e-parent\" data-id=\"da883ec\" data-element_type=\"container\" data-settings=\"{&quot;background_background&quot;:&quot;gradient&quot;}\">\n\t\t\t\t\t<div class=\"e-con-inner\">\n\t\t\t\t<div class=\"elementor-element elementor-element-5bf56a4 elementor-widget__width-initial elementor-widget elementor-widget-heading\" data-id=\"5bf56a4\" data-element_type=\"widget\" data-widget_type=\"heading.default\">\n\t\t\t\t<div class=\"elementor-widget-container\">\n\t\t\t\t\t<h1 class=\"elementor-heading-title elementor-size-default\"><span class=\"alt\">Pol\u00edtica de cookies<\/span> <\/h1>\t\t\t\t<\/div>\n\t\t\t\t<\/div>\n\t\t\t\t<div class=\"elementor-element elementor-element-ee6578d elementor-widget elementor-widget-text-editor\" data-id=\"ee6578d\" data-element_type=\"widget\" data-widget_type=\"text-editor.default\">\n\t\t\t\t<div class=\"elementor-widget-container\">\n\t\t\t\t\t\t\t\t\t<h3>DEFINICI\u00d3N y funci\u00f3n gen\u00e9rica de las\u00a0COOKIES<\/h3><p>Las cookies son identificadores que enviamos al disco duro de su ordenador a trav\u00e9s de su navegador Web con el fin de que nuestros sistemas puedan reconocer su navegador y ofrecerle ciertos servicios.<\/p><p>En general, estas tecnolog\u00edas pueden servir para finalidades muy diferentes, por ejemplo, reconocerte como usuario, obtener informaci\u00f3n sobre tus h\u00e1bitos de navegaci\u00f3n, o personalizar la forma en que se muestra el contenido.<\/p><p>Esta p\u00e1gina utiliza tipos diferentes de cookies. Algunas cookies son colocadas por servicios de terceros que aparecen en nuestras p\u00e1ginas. En algunos casos, al utilizar un motor de b\u00fasqueda Google, es posible que haya aceptado sus propias cookies. Estas cookies de Google son instaladas aun cuando usted no haya aceptado nuestras cookies propias y\/o de terceros.<\/p><p>A continuaci\u00f3n, indicamos las cookies que utiliza la p\u00e1gina https:\/\/www.masteringenieros.com\/<\/p><h2>COOKIES\u00a0UTILIZADAS<\/h2><h3>Cookies\u00a0necesarias<\/h3><p>Las cookies necesarias ayudan a hacer una p\u00e1gina web utilizable activando funciones b\u00e1sicas como la navegaci\u00f3n en la p\u00e1gina y el acceso a \u00e1reas seguras de la p\u00e1gina web. La p\u00e1gina web no puede funcionar adecuadamente sin estas cookies.<\/p><table width=\"97%\"><tbody><tr><td width=\"14%\"><p><strong>Nombre<\/strong><\/p><\/td><td width=\"23%\"><p><strong>Proveedor<\/strong><\/p><\/td><td width=\"24%\"><p><strong>Prop\u00f3sito<\/strong><\/p><\/td><td width=\"37%\"><p><strong>Caducidad<\/strong><\/p><\/td><\/tr><tr><td width=\"14%\"><p>rc::a<\/p><\/td><td width=\"23%\"><p>Google.com<\/p><\/td><td width=\"24%\"><p>Se utiliza para distinguir entre los humanos y los bots. Esto permite al sitio web hacer informes v\u00e1lidos sobre el uso.<\/p><\/td><td width=\"37%\"><p>Persistente<\/p><\/td><\/tr><tr><td width=\"14%\"><p>rc::b<\/p><\/td><td width=\"23%\"><p>Google.com<\/p><\/td><td width=\"24%\"><p>Sirve para distinguir entre personas y bots.<\/p><\/td><td width=\"37%\"><p>Sesi\u00f3n<\/p><\/td><\/tr><tr><td width=\"14%\"><p>rc::c<\/p><\/td><td width=\"23%\"><p>Google.com<\/p><\/td><td width=\"24%\"><p>Sirve para distinguir entre personas y bots.<\/p><\/td><td width=\"37%\"><p>Sesi\u00f3n<\/p><\/td><\/tr><\/tbody><\/table><h3>Cookies de estad\u00edsticas<\/h3><p>Las cookies estad\u00edsticas ayudan a los propietarios de p\u00e1ginas web a comprender c\u00f3mo interact\u00faan los visitantes con las p\u00e1ginas web reuniendo y proporcionando informaci\u00f3n de forma an\u00f3nima.<\/p><p>Para deshabilitar las cookies de Google Analytics, puede instalar el Complemento inhabilitaci\u00f3n para navegadores de Google Analytics que le permitir\u00e1 no mandar informaci\u00f3n estad\u00edstica. Lo tiene disponible en el siguiente enlace:\u00a0<a href=\"https:\/\/tools.google.com\/dlpage\/gaoptout?hl=es\" target=\"_blank\" rel=\"noopener\">https:\/\/tools.google.com\/dlpage\/gaoptout?hl=es<\/a><\/p><table width=\"97%\"><tbody><tr><td width=\"14%\"><p><strong>Nombre<\/strong><\/p><\/td><td width=\"23%\"><p><strong>Proveedor<\/strong><\/p><\/td><td width=\"24%\"><p><strong>Prop\u00f3sito<\/strong><\/p><\/td><td width=\"37%\"><p><strong>Caducidad<\/strong><\/p><\/td><\/tr><tr><td width=\"14%\"><p>_ga<\/p><\/td><td width=\"23%\"><p>Google Analytics<\/p><\/td><td width=\"24%\"><p>Registra una identificaci\u00f3n \u00fanica que se utiliza para generar datos estad\u00edsticos acerca de c\u00f3mo utiliza el visitante el sitio web<\/p><\/td><td width=\"37%\"><p>2 a\u00f1os<\/p><\/td><\/tr><tr><td width=\"14%\"><p>_gid<\/p><\/td><td width=\"23%\"><p>Google Analytics<\/p><\/td><td width=\"24%\"><p>Registra una identificaci\u00f3n \u00fanica que se utiliza para generar datos estad\u00edsticos acerca de c\u00f3mo utiliza el visitante el sitio web.<\/p><\/td><td width=\"37%\"><p>1 d\u00eda<\/p><\/td><\/tr><tr><td width=\"14%\"><p>_gat<\/p><\/td><td width=\"23%\"><p>Google Analytics<\/p><\/td><td width=\"24%\"><p>Se usa para limitar el porcentaje de solicitudes<\/p><\/td><td width=\"37%\"><p>Cookie de sesi\u00f3n<\/p><\/td><\/tr><tr><td width=\"14%\"><p>yt-player-headers-readable<\/p><\/td><td width=\"23%\"><p>Youtube.com<\/p><\/td><td width=\"24%\"><p>Determina la calidad \u00f3ptima del v\u00eddeo.<\/p><\/td><td width=\"37%\"><p>De sesi\u00f3n<\/p><\/td><\/tr><\/tbody><\/table><h3>Cookies de marketing<\/h3><p>Las cookies de marketing se utilizan para rastrear a los visitantes en las p\u00e1ginas web. La intenci\u00f3n es mostrar anuncios relevantes y atractivos para el usuario individual, y por lo tanto, m\u00e1s valiosos para los editores y terceros anunciantes.<\/p><table width=\"97%\"><tbody><tr><td width=\"14%\"><p><strong>Nombre<\/strong><\/p><\/td><td width=\"23%\"><p><strong>Proveedor<\/strong><\/p><\/td><td width=\"24%\"><p><strong>Prop\u00f3sito<\/strong><\/p><\/td><td width=\"37%\"><p><strong>Caducidad<\/strong><\/p><\/td><\/tr><tr><td width=\"14%\"><p>IDE<\/p><\/td><td width=\"23%\"><p>doubleclick.net<\/p><\/td><td width=\"24%\"><p>Utilizada por Google DoubleClick para registrar e informar sobre las acciones del usuario en el sitio web tras visualizar o hacer clic en uno de los anuncios del anunciante con el prop\u00f3sito de medir la eficacia<\/p><\/td><td width=\"37%\"><p>1 a\u00f1o<\/p><\/td><\/tr><tr><td width=\"14%\"><p>test_cookie<\/p><\/td><td width=\"23%\"><p>doubleclick.net<\/p><\/td><td width=\"24%\"><p>Utilizada para comprobar si el navegador del usuario admite cookies.<\/p><\/td><td width=\"37%\"><p>1 d\u00eda<\/p><\/td><\/tr><tr><td width=\"14%\"><p>VISITOR_INFO1_LIVE<\/p><\/td><td width=\"23%\"><p>Youtube.com<\/p><\/td><td width=\"24%\"><p>Intenta calcular el ancho de banda del usuario en p\u00e1ginas con v\u00eddeos de Youtube integrados.<\/p><\/td><td width=\"37%\"><p>179 d\u00edas<\/p><\/td><\/tr><tr><td width=\"14%\"><p>YSC<\/p><\/td><td width=\"23%\"><p>Youtube.com<\/p><\/td><td width=\"24%\"><p>Registra una identificaci\u00f3n \u00fanica para mantener estad\u00edsticas de qu\u00e9 v\u00eddeos de Youtube ha visto el usuario.<\/p><\/td><td width=\"37%\"><p>Sesi\u00f3n<\/p><\/td><\/tr><tr><td width=\"14%\"><p>Yt-remote-cast-installed<\/p><\/td><td width=\"23%\"><p>Youtube.com<\/p><\/td><td width=\"24%\"><p>Registra las preferencias del reproductor de v\u00eddeo del usuario al ver v\u00eddeos incrustrados de Youtube.<\/p><\/td><td width=\"37%\"><p>Sesi\u00f3n<\/p><\/td><\/tr><tr><td width=\"14%\"><p>Yt-remote-connected-devices<\/p><\/td><td width=\"23%\"><p>Youtube.com<\/p><\/td><td width=\"24%\"><p>Registra las preferencias del reproductor de v\u00eddeo del usuario al ver v\u00eddeos inscrustrados de Youtube.<\/p><\/td><td width=\"37%\"><p>Sesi\u00f3n<\/p><\/td><\/tr><tr><td width=\"14%\"><p>Yt-remote-device-id<\/p><\/td><td width=\"23%\"><p>Youtube.com<\/p><\/td><td width=\"24%\"><p>Registra las preferencias del reproductor de v\u00eddeo del usuario al ver v\u00eddeos inscrustrados de Youtube.<\/p><\/td><td width=\"37%\"><p>Sesi\u00f3n<\/p><\/td><\/tr><tr><td width=\"14%\"><p>Yt-remote-fast-check-period<\/p><\/td><td width=\"23%\"><p>Youtube.com<\/p><\/td><td width=\"24%\"><p>Registra las preferencias del reproductor de v\u00eddeo del usuario al ver v\u00eddeos inscrustrados de Youtube.<\/p><\/td><td width=\"37%\"><p>Sesi\u00f3n<\/p><\/td><\/tr><tr><td width=\"14%\"><p>Yt-remote-session-app<\/p><\/td><td width=\"23%\"><p>Youtube.com<\/p><\/td><td width=\"24%\"><p>Registra las preferencias del reproductor de v\u00eddeo del usuario al ver v\u00eddeos inscrustrados de Youtube.<\/p><\/td><td width=\"37%\"><p>Sesi\u00f3n<\/p><\/td><\/tr><tr><td width=\"14%\"><p>Yt-remote-session-name<\/p><\/td><td width=\"23%\"><p>Youtube.com<\/p><\/td><td width=\"24%\"><p>Registra las preferencias del reproductor de v\u00eddeo del usuario al ver v\u00eddeos inscrustrados de Youtube.<\/p><\/td><td width=\"37%\"><p>Sesi\u00f3n<\/p><\/td><\/tr><tr><td width=\"14%\"><p>\u00a0NID<\/p><\/td><td width=\"23%\"><p>Google<\/p><\/td><td width=\"24%\"><p>Personalizaci\u00f3n de los anuncios seg\u00fan los intereses del usuario.<\/p><\/td><td width=\"37%\"><p>6 meses<\/p><\/td><\/tr><\/tbody><\/table><h3>Cookies sin clasificar<\/h3><p>A continuaci\u00f3n, se recogen una serie de cookies que no se han podido clasificar:<\/p><table width=\"97%\"><tbody><tr><td width=\"14%\"><p><strong>Nombre<\/strong><\/p><\/td><td width=\"23%\"><p><strong>Proveedor<\/strong><\/p><\/td><td width=\"24%\"><p><strong>Prop\u00f3sito<\/strong><\/p><\/td><td width=\"37%\"><p><strong>Caducidad<\/strong><\/p><\/td><\/tr><tr><td width=\"14%\"><p>eIrZcmX_YCbPTB<\/p><\/td><td width=\"23%\"><p>masteringenieros.com<\/p><\/td><td width=\"24%\"><p>\u2013<\/p><\/td><td width=\"37%\"><p>1 d\u00eda<\/p><\/td><\/tr><tr><td width=\"14%\"><p>HjcMWADvaXVUoKsP<\/p><\/td><td width=\"23%\"><p>masteringenieros.com<\/p><\/td><td width=\"24%\"><p>\u2013<\/p><\/td><td width=\"37%\"><p>1 d\u00eda<\/p><\/td><\/tr><tr><td width=\"14%\"><p>QWqLuHR-<\/p><\/td><td width=\"23%\"><p>masteringenieros.com<\/p><\/td><td width=\"24%\"><p>\u2013<\/p><\/td><td width=\"37%\"><p>1 d\u00eda<\/p><\/td><\/tr><tr><td width=\"14%\"><p>tnJ_AOYqH-Sz<\/p><\/td><td width=\"23%\"><p>masteringenieros.com<\/p><\/td><td width=\"24%\"><p>\u2013<\/p><\/td><td width=\"37%\"><p>1 d\u00eda<\/p><\/td><\/tr><\/tbody><\/table><h2>C\u00f3mo habilitar\/deshabilitar las Cookies en los principales navegadores:<\/h2><p>Normalmente es posible dejar de aceptar las Cookies del navegador, o dejar de aceptar las Cookies de un Servicio en particular.<\/p><p>Todos los navegadores modernos permiten cambiar la configuraci\u00f3n de Cookies. Estos ajustes normalmente se encuentran en las \u2018opciones\u2019 o \u2018Preferencias\u2019 del men\u00fa de su navegador. Asimismo, puede configurar su navegador o su gestor de correo electr\u00f3nico.<\/p><p>A continuaci\u00f3n, se ofrece orientaci\u00f3n al Usuario sobre los pasos para acceder al men\u00fa de configuraci\u00f3n de las cookies y, en su caso, de la navegaci\u00f3n privada en cada uno de los navegadores principales:<\/p><p><strong>Internet Explorer:<\/strong>\u00a0Herramientas -&gt; Opciones de Internet\u00a0-&gt; Privacidad\u00a0-&gt; Configuraci\u00f3n. Para m\u00e1s informaci\u00f3n, puede consultar el\u00a0<a href=\"http:\/\/windows.microsoft.com\/es-ES\/windows\/support\" target=\"_blank\" rel=\"noopener\">soporte de Microsoft<\/a>\u00a0o la Ayuda del navegador.<\/p><p><strong>Firefox:<\/strong>\u00a0Herramientas\u00a0-&gt; Opciones\u00a0-&gt; Privacidad\u00a0-&gt; Historial\u00a0-&gt; Configuraci\u00f3n Personalizada. Para m\u00e1s informaci\u00f3n, puede consultar el\u00a0<a href=\"http:\/\/support.mozilla.org\/es\/home\" target=\"_blank\" rel=\"noopener\">soporte de Mozilla<\/a>\u00a0o la Ayuda del navegador.<\/p><p><strong>Chrome:<\/strong>\u00a0Configuraci\u00f3n\u00a0-&gt; Mostrar opciones avanzadas\u00a0-&gt; Privacidad\u00a0-&gt; Configuraci\u00f3n de contenido. Para m\u00e1s informaci\u00f3n, puede consultar el\u00a0<a href=\"http:\/\/support.google.com\/chrome\/?hl=es\" target=\"_blank\" rel=\"noopener\">soporte de Google<\/a>\u00a0o la Ayuda del navegador.<\/p><p><strong>Safari:<\/strong>\u00a0Preferencias\u00a0-&gt; Seguridad. Para m\u00e1s informaci\u00f3n, puede consultar el\u00a0<a href=\"http:\/\/www.apple.com\/es\/support\/safari\/\" target=\"_blank\" rel=\"noopener\">soporte de Apple<\/a>\u00a0o la Ayuda del navegador.<\/p><h3>\u00bfQu\u00e9 ocurre si se deshabilitan las Cookies?<\/h3><p>Algunas funcionalidades de los Servicios quedar\u00e1n deshabilitadas como, por ejemplo, permanecer\u00a0identificado, mantener las compras en el \u201ccarrito de la compra\u201d, etc.<\/p>\t\t\t\t\t\t\t\t<\/div>\n\t\t\t\t<\/div>\n\t\t\t\t\t<\/div>\n\t\t\t\t<\/div>\n\t\t\t\t<\/div>\n\t\t","protected":false},"excerpt":{"rendered":"<p>Pol\u00edtica de cookies DEFINICI\u00d3N y funci\u00f3n gen\u00e9rica de las\u00a0COOKIES Las cookies son identificadores que enviamos al disco duro de su ordenador a trav\u00e9s de su navegador Web con el fin de que nuestros sistemas puedan reconocer su navegador y ofrecerle ciertos servicios. En general, estas tecnolog\u00edas pueden servir para finalidades muy diferentes, por ejemplo, reconocerte [&hellip;]<\/p>\n","protected":false},"author":59,"featured_media":0,"parent":0,"menu_order":502,"comment_status":"closed","ping_status":"closed","template":"","meta":{"footnotes":""},"class_list":["post-16347","page","type-page","status-publish","hentry"],"_links":{"self":[{"href":"https:\/\/masteringenieros.com\/tienda\/wp-json\/wp\/v2\/pages\/16347","targetHints":{"allow":["GET"]}}],"collection":[{"href":"https:\/\/masteringenieros.com\/tienda\/wp-json\/wp\/v2\/pages"}],"about":[{"href":"https:\/\/masteringenieros.com\/tienda\/wp-json\/wp\/v2\/types\/page"}],"author":[{"embeddable":true,"href":"https:\/\/masteringenieros.com\/tienda\/wp-json\/wp\/v2\/users\/59"}],"replies":[{"embeddable":true,"href":"https:\/\/masteringenieros.com\/tienda\/wp-json\/wp\/v2\/comments?post=16347"}],"version-history":[{"count":0,"href":"https:\/\/masteringenieros.com\/tienda\/wp-json\/wp\/v2\/pages\/16347\/revisions"}],"wp:attachment":[{"href":"https:\/\/masteringenieros.com\/tienda\/wp-json\/wp\/v2\/media?parent=16347"}],"curies":[{"name":"wp","href":"https:\/\/api.w.org\/{rel}","templated":true}]}}